{"id":2365,"date":"2021-02-19T14:39:59","date_gmt":"2021-02-19T13:39:59","guid":{"rendered":"http:\/\/6vientos.com\/umwelt\/"},"modified":"2024-02-14T08:56:00","modified_gmt":"2024-02-14T07:56:00","slug":"umwelt","status":"publish","type":"page","link":"https:\/\/www.6vientos.com\/de\/umwelt\/","title":{"rendered":"Umwelt"},"content":{"rendered":"<p>[et_pb_section fb_built=&#8220;1&#8243; admin_label=&#8220;Menu Grid&#8220; _builder_version=&#8220;4.16&#8243; background_color=&#8220;#1f1f1f&#8220; background_position=&#8220;top_left&#8220; background_blend=&#8220;multiply&#8220; custom_padding=&#8220;0px|0px|0px|0px&#8220; global_colors_info=&#8220;{}&#8220;][et_pb_row column_structure=&#8220;1_3,1_3,1_3&#8243; use_custom_gutter=&#8220;on&#8220; gutter_width=&#8220;1&#8243; make_equal=&#8220;on&#8220; _builder_version=&#8220;4.16&#8243; background_size=&#8220;initial&#8220; background_position=&#8220;top_left&#8220; background_repeat=&#8220;repeat&#8220; custom_padding=&#8220;0px|0px|0px|0px&#8220; animation_style=&#8220;fade&#8220; animation_direction=&#8220;top&#8220; custom_width_px=&#8220;1280px&#8220; global_colors_info=&#8220;{}&#8220;][et_pb_column type=&#8220;1_3&#8243; _builder_version=&#8220;4.16&#8243; background_color=&#8220;#ffffff&#8220; custom_padding=&#8220;48px|24px|48px|24px&#8220; global_colors_info=&#8220;{}&#8220; custom_padding__hover=&#8220;|||&#8220;][et_pb_text _builder_version=&#8220;4.24.0&#8243; text_font=&#8220;Jost||||||||&#8220; text_text_color=&#8220;#c39d63&#8243; text_font_size=&#8220;22px&#8220; text_line_height=&#8220;1.3em&#8220; background_size=&#8220;initial&#8220; background_position=&#8220;top_left&#8220; background_repeat=&#8220;repeat&#8220; text_orientation=&#8220;center&#8220; module_alignment=&#8220;center&#8220; custom_margin=&#8220;||20px|&#8220; animation_style=&#8220;slide&#8220; animation_direction=&#8220;bottom&#8220; animation_intensity_slide=&#8220;10%&#8220; global_colors_info=&#8220;{}&#8220;]<\/p>\n<p>Zahora Strand<\/p>\n<p>[\/et_pb_text][et_pb_text _builder_version=&#8220;4.24.0&#8243; text_font=&#8220;Jost||||||||&#8220; text_text_color=&#8220;#939393&#8243; text_font_size=&#8220;15px&#8220; text_line_height=&#8220;1.8em&#8220; header_font=&#8220;||||&#8220; background_size=&#8220;initial&#8220; background_position=&#8220;top_left&#8220; background_repeat=&#8220;repeat&#8220; text_orientation=&#8220;center&#8220; max_width=&#8220;700px&#8220; module_alignment=&#8220;center&#8220; animation_style=&#8220;slide&#8220; animation_direction=&#8220;top&#8220; animation_intensity_slide=&#8220;4%&#8220; global_colors_info=&#8220;{}&#8220;]<\/p>\n<p><span>Zahora konserviert noch<\/span><strong><span> <\/span>der Charme und die Stille<\/strong><span> und Ruhe, vor allem au\u00dferhalb der Saison, und bietet dem Besucher ein gutes gastronomisches, nat\u00fcrliches und Strandangebot, mit einem der sch\u00f6nsten Str\u00e4nde von C\u00e1diz. <\/span><strong>einer der sch\u00f6nsten Str\u00e4nde von C\u00e1diz, ber\u00fchmt f\u00fcr seinen Sonnenuntergang.<\/strong><span> und ber\u00fchmt f\u00fcr seinen Sonnenuntergang.<\/span><\/p>\n<p>[\/et_pb_text][\/et_pb_column][et_pb_column type=&#8220;1_3&#8243; _builder_version=&#8220;4.16&#8243; background_image=&#8220;http:\/\/6vientos.com\/wp-content\/uploads\/2021\/03\/zahoraplaya.jpg&#8220; custom_padding=&#8220;48px|24px|48px|24px&#8220; global_colors_info=&#8220;{}&#8220; custom_padding__hover=&#8220;|||&#8220;][et_pb_divider show_divider=&#8220;off&#8220; _builder_version=&#8220;4.16&#8243; height=&#8220;200px&#8220; global_colors_info=&#8220;{}&#8220;][\/et_pb_divider][\/et_pb_column][et_pb_column type=&#8220;1_3&#8243; _builder_version=&#8220;4.16&#8243; background_color=&#8220;#ffffff&#8220; custom_padding=&#8220;48px|24px|48px|24px&#8220; global_colors_info=&#8220;{}&#8220; custom_padding__hover=&#8220;|||&#8220;][et_pb_text _builder_version=&#8220;4.24.0&#8243; text_font=&#8220;Jost||||||||&#8220; text_text_color=&#8220;#c39d63&#8243; text_font_size=&#8220;22px&#8220; text_line_height=&#8220;1.3em&#8220; background_size=&#8220;initial&#8220; background_position=&#8220;top_left&#8220; background_repeat=&#8220;repeat&#8220; text_orientation=&#8220;center&#8220; module_alignment=&#8220;center&#8220; custom_margin=&#8220;||20px|&#8220; animation_style=&#8220;slide&#8220; animation_direction=&#8220;bottom&#8220; animation_intensity_slide=&#8220;10%&#8220; global_colors_info=&#8220;{}&#8220;]<\/p>\n<p>Trafalgar-Leuchtturm<\/p>\n<p>[\/et_pb_text][et_pb_text _builder_version=&#8220;4.24.0&#8243; text_font=&#8220;Jost||||||||&#8220; text_text_color=&#8220;#939393&#8243; text_font_size=&#8220;15px&#8220; text_line_height=&#8220;1.8em&#8220; header_font=&#8220;||||&#8220; background_size=&#8220;initial&#8220; background_position=&#8220;top_left&#8220; background_repeat=&#8220;repeat&#8220; text_orientation=&#8220;center&#8220; max_width=&#8220;700px&#8220; module_alignment=&#8220;center&#8220; animation_style=&#8220;slide&#8220; animation_direction=&#8220;top&#8220; animation_intensity_slide=&#8220;4%&#8220; locked=&#8220;off&#8220; global_colors_info=&#8220;{}&#8220;]<\/p>\n<p><span>Der Wind, die D\u00fcnen und eine unter dem Meeresboden begrabene Vergangenheit umgeben die <\/span><strong>Trafalgar-Leuchtturm<\/strong><span>  einer magischen Atmosph\u00e4re. Sitzen und Betrachten dieser historischen Bastion in der Gegend von Zahora<\/span><span>Es ist eine Freude, wenn die Sonne untergeht.<\/span><\/p>\n<p>[\/et_pb_text][\/et_pb_column][\/et_pb_row][et_pb_row column_structure=&#8220;1_3,1_3,1_3&#8243; use_custom_gutter=&#8220;on&#8220; gutter_width=&#8220;1&#8243; make_equal=&#8220;on&#8220; _builder_version=&#8220;4.16&#8243; background_size=&#8220;initial&#8220; background_position=&#8220;top_left&#8220; background_repeat=&#8220;repeat&#8220; custom_padding=&#8220;0px|0px|0px|0px&#8220; animation_style=&#8220;fade&#8220; custom_width_px=&#8220;1280px&#8220; global_colors_info=&#8220;{}&#8220;][et_pb_column type=&#8220;1_3&#8243; _builder_version=&#8220;4.16&#8243; background_color=&#8220;#ffffff&#8220; background_image=&#8220;http:\/\/6vientos.com\/wp-content\/uploads\/2021\/02\/Playa-de-Zahora.jpg&#8220; custom_padding=&#8220;48px|24px|48px|24px&#8220; global_colors_info=&#8220;{}&#8220; custom_padding__hover=&#8220;|||&#8220;][et_pb_divider show_divider=&#8220;off&#8220; _builder_version=&#8220;4.16&#8243; height=&#8220;100px&#8220; global_colors_info=&#8220;{}&#8220;][\/et_pb_divider][\/et_pb_column][et_pb_column type=&#8220;1_3&#8243; _builder_version=&#8220;4.16&#8243; background_color=&#8220;#ffffff&#8220; custom_padding=&#8220;48px|24px|48px|24px&#8220; global_colors_info=&#8220;{}&#8220; custom_padding__hover=&#8220;|||&#8220;][et_pb_text _builder_version=&#8220;4.24.0&#8243; text_font=&#8220;Jost||||||||&#8220; text_text_color=&#8220;#c39d63&#8243; text_font_size=&#8220;22px&#8220; text_line_height=&#8220;1.3em&#8220; header_line_height=&#8220;2em&#8220; background_size=&#8220;initial&#8220; background_position=&#8220;top_left&#8220; background_repeat=&#8220;repeat&#8220; text_orientation=&#8220;center&#8220; module_alignment=&#8220;center&#8220; custom_margin=&#8220;||20px|&#8220; animation_style=&#8220;slide&#8220; animation_direction=&#8220;bottom&#8220; animation_intensity_slide=&#8220;10%&#8220; global_colors_info=&#8220;{}&#8220;]<\/p>\n<p>Vejer de La Frontera<\/p>\n<p>[\/et_pb_text][et_pb_text _builder_version=&#8220;4.24.0&#8243; text_font=&#8220;Jost||||||||&#8220; text_text_color=&#8220;#939393&#8243; text_font_size=&#8220;15px&#8220; text_line_height=&#8220;1.8em&#8220; header_font=&#8220;||||&#8220; background_size=&#8220;initial&#8220; background_position=&#8220;top_left&#8220; background_repeat=&#8220;repeat&#8220; text_orientation=&#8220;center&#8220; max_width=&#8220;700px&#8220; module_alignment=&#8220;center&#8220; animation_style=&#8220;slide&#8220; animation_direction=&#8220;top&#8220; animation_intensity_slide=&#8220;4%&#8220; locked=&#8220;off&#8220; global_colors_info=&#8220;{}&#8220;]<\/p>\n<p><strong>Vejer de la Frontera ist eines der sch\u00f6nsten D\u00f6rfer Spaniens.<\/strong><span>. Es wurde 1976 zum kunsthistorischen Denkmal erkl\u00e4rt und erhielt 1978 den ersten nationalen Preis f\u00fcr die Versch\u00f6nerung von D\u00f6rfern. Ihre touristische Anziehungskraft ist so gro\u00df, dass sie bereits mehrfach mit dem Pr\u00e4dikat &#8222;Zona de Gran Afluencia Tur\u00edstica&#8220; (Zone mit gro\u00dfem touristischen Einfluss) ausgezeichnet wurde.<\/span><\/p>\n<p>[\/et_pb_text][\/et_pb_column][et_pb_column type=&#8220;1_3&#8243; _builder_version=&#8220;4.16&#8243; background_color=&#8220;#ffffff&#8220; background_image=&#8220;http:\/\/6vientos.com\/wp-content\/uploads\/2021\/03\/vejer.jpg&#8220; custom_padding=&#8220;48px|24px|48px|24px&#8220; global_colors_info=&#8220;{}&#8220; custom_padding__hover=&#8220;|||&#8220;][et_pb_divider show_divider=&#8220;off&#8220; _builder_version=&#8220;4.16&#8243; height=&#8220;100px&#8220; global_colors_info=&#8220;{}&#8220;][\/et_pb_divider][\/et_pb_column][\/et_pb_row][et_pb_row column_structure=&#8220;1_3,1_3,1_3&#8243; use_custom_gutter=&#8220;on&#8220; gutter_width=&#8220;1&#8243; make_equal=&#8220;on&#8220; _builder_version=&#8220;4.16&#8243; background_size=&#8220;initial&#8220; background_position=&#8220;top_left&#8220; background_repeat=&#8220;repeat&#8220; custom_padding=&#8220;0px|0px|0px|0px&#8220; animation_style=&#8220;fade&#8220; animation_direction=&#8220;top&#8220; custom_width_px=&#8220;1280px&#8220; global_colors_info=&#8220;{}&#8220;][et_pb_column type=&#8220;1_3&#8243; _builder_version=&#8220;4.16&#8243; background_color=&#8220;#ffffff&#8220; custom_padding=&#8220;48px|24px|48px|24px&#8220; global_colors_info=&#8220;{}&#8220; custom_padding__hover=&#8220;|||&#8220;][et_pb_text _builder_version=&#8220;4.24.0&#8243; text_font=&#8220;Jost||||||||&#8220; text_text_color=&#8220;#c39d63&#8243; text_font_size=&#8220;22px&#8220; text_line_height=&#8220;1.3em&#8220; background_size=&#8220;initial&#8220; background_position=&#8220;top_left&#8220; background_repeat=&#8220;repeat&#8220; text_orientation=&#8220;center&#8220; module_alignment=&#8220;center&#8220; custom_margin=&#8220;||20px|&#8220; animation_style=&#8220;slide&#8220; animation_direction=&#8220;bottom&#8220; animation_intensity_slide=&#8220;10%&#8220; global_colors_info=&#8220;{}&#8220;]<\/p>\n<p>Taubenschlag von La Bre\u00f1a<\/p>\n<p>[\/et_pb_text][et_pb_text _builder_version=&#8220;4.24.0&#8243; text_font=&#8220;Jost||||||||&#8220; text_text_color=&#8220;#939393&#8243; text_font_size=&#8220;15px&#8220; text_line_height=&#8220;1.8em&#8220; header_font=&#8220;||||&#8220; background_size=&#8220;initial&#8220; background_position=&#8220;top_left&#8220; background_repeat=&#8220;repeat&#8220; text_orientation=&#8220;center&#8220; max_width=&#8220;700px&#8220; module_alignment=&#8220;center&#8220; animation_style=&#8220;slide&#8220; animation_direction=&#8220;top&#8220; animation_intensity_slide=&#8220;4%&#8220; global_colors_info=&#8220;{}&#8220;]<\/p>\n<p><span>Sie befindet sich in einer Hazienda aus dem 18. Jahrhundert in San Ambrosio (Barbate), s\u00fcdlich von Vejer de la Frontera, im Naturpark La Bre\u00f1a y Marismas del Barbate.<\/span><\/p>\n<p><span>Er ist derzeit inaktiv und der gr\u00f6\u00dfte Taubenschlag der Welt<\/span>.<\/p>\n<p>[\/et_pb_text][\/et_pb_column][et_pb_column type=&#8220;1_3&#8243; _builder_version=&#8220;4.16&#8243; background_image=&#8220;http:\/\/6vientos.com\/wp-content\/uploads\/2021\/03\/palomardelabrena.jpg&#8220; custom_padding=&#8220;48px|24px|48px|24px&#8220; global_colors_info=&#8220;{}&#8220; custom_padding__hover=&#8220;|||&#8220;][et_pb_divider show_divider=&#8220;off&#8220; _builder_version=&#8220;4.16&#8243; height=&#8220;200px&#8220; global_colors_info=&#8220;{}&#8220;][\/et_pb_divider][\/et_pb_column][et_pb_column type=&#8220;1_3&#8243; _builder_version=&#8220;4.16&#8243; background_color=&#8220;#ffffff&#8220; custom_padding=&#8220;48px|24px|48px|24px&#8220; global_colors_info=&#8220;{}&#8220; custom_padding__hover=&#8220;|||&#8220;][et_pb_text _builder_version=&#8220;4.24.0&#8243; text_font=&#8220;Jost||||||||&#8220; text_text_color=&#8220;#c39d63&#8243; text_font_size=&#8220;22px&#8220; text_line_height=&#8220;1.3em&#8220; background_size=&#8220;initial&#8220; background_position=&#8220;top_left&#8220; background_repeat=&#8220;repeat&#8220; text_orientation=&#8220;center&#8220; module_alignment=&#8220;center&#8220; custom_margin=&#8220;||20px|&#8220; animation_style=&#8220;slide&#8220; animation_direction=&#8220;bottom&#8220; animation_intensity_slide=&#8220;10%&#8220; global_colors_info=&#8220;{}&#8220;]<\/p>\n<p>Naturpark La Bre\u00f1a<\/p>\n<p>[\/et_pb_text][et_pb_text _builder_version=&#8220;4.24.0&#8243; text_font=&#8220;Jost||||||||&#8220; text_text_color=&#8220;#939393&#8243; text_font_size=&#8220;15px&#8220; text_line_height=&#8220;1.8em&#8220; header_font=&#8220;||||&#8220; background_size=&#8220;initial&#8220; background_position=&#8220;top_left&#8220; background_repeat=&#8220;repeat&#8220; text_orientation=&#8220;center&#8220; max_width=&#8220;700px&#8220; module_alignment=&#8220;center&#8220; animation_style=&#8220;slide&#8220; animation_direction=&#8220;top&#8220; animation_intensity_slide=&#8220;4%&#8220; locked=&#8220;off&#8220; global_colors_info=&#8220;{}&#8220;]<\/p>\n<p><span>Die Kombination von Land und Meer erm\u00f6glicht es, Aktivit\u00e4ten durchzuf\u00fchren, bei denen man die herrliche Aussicht genie\u00dfen kann. Es gibt eine Vielzahl von ausgeschilderten Wanderwegen.  <\/span><strong>Wandern,<\/strong><span> Entw\u00fcrfe von <\/span><strong>Routenplanung f\u00fcr das Reiten in der Region<\/strong><span> und <\/span><strong>Schifffahrt auf dem Tejo,<span> <\/span><\/strong><span>und Sie k\u00f6nnen die ikonischen T\u00fcrme von Almeria (Tajo, Meca und Palmar) aus der N\u00e4he bewundern.<\/span><\/p>\n<p>[\/et_pb_text][\/et_pb_column][\/et_pb_row][et_pb_row column_structure=&#8220;1_3,1_3,1_3&#8243; use_custom_gutter=&#8220;on&#8220; gutter_width=&#8220;1&#8243; make_equal=&#8220;on&#8220; _builder_version=&#8220;4.16&#8243; background_size=&#8220;initial&#8220; background_position=&#8220;top_left&#8220; background_repeat=&#8220;repeat&#8220; custom_padding=&#8220;0px|0px|0px|0px&#8220; animation_style=&#8220;fade&#8220; custom_width_px=&#8220;1280px&#8220; global_colors_info=&#8220;{}&#8220;][et_pb_column type=&#8220;1_3&#8243; _builder_version=&#8220;4.16&#8243; background_color=&#8220;#ffffff&#8220; background_image=&#8220;http:\/\/6vientos.com\/wp-content\/uploads\/2021\/03\/parquenaturalbrena.jpg&#8220; custom_padding=&#8220;48px|24px|48px|24px&#8220; global_colors_info=&#8220;{}&#8220; custom_padding__hover=&#8220;|||&#8220;][et_pb_divider show_divider=&#8220;off&#8220; _builder_version=&#8220;4.16&#8243; height=&#8220;100px&#8220; global_colors_info=&#8220;{}&#8220;][\/et_pb_divider][\/et_pb_column][et_pb_column type=&#8220;1_3&#8243; _builder_version=&#8220;4.16&#8243; background_color=&#8220;#ffffff&#8220; custom_padding=&#8220;48px|24px|48px|24px&#8220; global_colors_info=&#8220;{}&#8220; custom_padding__hover=&#8220;|||&#8220;][et_pb_text _builder_version=&#8220;4.24.0&#8243; text_font=&#8220;Jost||||||||&#8220; text_text_color=&#8220;#c39d63&#8243; text_font_size=&#8220;22px&#8220; text_line_height=&#8220;1.3em&#8220; header_line_height=&#8220;2em&#8220; background_size=&#8220;initial&#8220; background_position=&#8220;top_left&#8220; background_repeat=&#8220;repeat&#8220; text_orientation=&#8220;center&#8220; module_alignment=&#8220;center&#8220; custom_margin=&#8220;||20px|&#8220; animation_style=&#8220;slide&#8220; animation_direction=&#8220;bottom&#8220; animation_intensity_slide=&#8220;10%&#8220; global_colors_info=&#8220;{}&#8220;]<\/p>\n<p>Conil de La Frontera<\/p>\n<p>[\/et_pb_text][et_pb_text _builder_version=&#8220;4.24.0&#8243; text_font=&#8220;Jost||||||||&#8220; text_text_color=&#8220;#939393&#8243; text_font_size=&#8220;15px&#8220; text_line_height=&#8220;1.8em&#8220; header_font=&#8220;||||&#8220; background_size=&#8220;initial&#8220; background_position=&#8220;top_left&#8220; background_repeat=&#8220;repeat&#8220; text_orientation=&#8220;center&#8220; max_width=&#8220;700px&#8220; module_alignment=&#8220;center&#8220; animation_style=&#8220;slide&#8220; animation_direction=&#8220;top&#8220; animation_intensity_slide=&#8220;4%&#8220; locked=&#8220;off&#8220; global_colors_info=&#8220;{}&#8220;]<\/p>\n<p><strong><br \/>\n  <span>Es ist eines der stimmungsvollsten D\u00f6rfer der Region.<\/span><br \/>\n<\/strong><span>.<\/span><\/p>\n<p><span>Eine Stadt voller Charme und Magie, nicht nur wegen ihrer Aussichten, sondern auch wegen ihrer kulinarischen Kultur und ihrer Einwohner.<\/span><\/p>\n<p>[\/et_pb_text][\/et_pb_column][et_pb_column type=&#8220;1_3&#8243; _builder_version=&#8220;4.16&#8243; background_color=&#8220;#ffffff&#8220; background_image=&#8220;http:\/\/6vientos.com\/wp-content\/uploads\/2021\/03\/conil.jpg&#8220; custom_padding=&#8220;48px|24px|48px|24px&#8220; global_colors_info=&#8220;{}&#8220; custom_padding__hover=&#8220;|||&#8220;][et_pb_divider show_divider=&#8220;off&#8220; _builder_version=&#8220;4.16&#8243; height=&#8220;100px&#8220; global_colors_info=&#8220;{}&#8220;][\/et_pb_divider][\/et_pb_column][\/et_pb_row][\/et_pb_section]<\/p>\n","protected":false},"excerpt":{"rendered":"<p>Zahora StrandZahora konserviert noch der Charme und die Stille und Ruhe, vor allem au\u00dferhalb der Saison, und bietet dem Besucher ein gutes gastronomisches, nat\u00fcrliches und Strandangebot, mit einem der sch\u00f6nsten Str\u00e4nde von C\u00e1diz. einer der sch\u00f6nsten Str\u00e4nde von C\u00e1diz, ber\u00fchmt f\u00fcr seinen Sonnenuntergang. und ber\u00fchmt f\u00fcr seinen Sonnenuntergang.Trafalgar-LeuchtturmDer Wind, die D\u00fcnen und eine unter dem [&hellip;]<\/p>\n","protected":false},"author":5,"featured_media":0,"parent":0,"menu_order":4,"comment_status":"closed","ping_status":"closed","template":"","meta":{"_et_pb_use_builder":"on","_et_pb_old_content":"","_et_gb_content_width":"","_monsterinsights_skip_tracking":false,"_monsterinsights_sitenote_active":false,"_monsterinsights_sitenote_note":"","_monsterinsights_sitenote_category":0,"footnotes":""},"class_list":["post-2365","page","type-page","status-publish","hentry"],"yoast_head":"<!-- This site is optimized with the Yoast SEO plugin v27.3 - https:\/\/yoast.com\/product\/yoast-seo-wordpress\/ -->\n<title>Umwelt - 6 Vientos - Casas en Zahora<\/title>\n<meta name=\"robots\" content=\"index, follow, max-snippet:-1, max-image-preview:large, max-video-preview:-1\" \/>\n<link rel=\"canonical\" href=\"https:\/\/www.6vientos.com\/de\/umwelt\/\" \/>\n<meta property=\"og:locale\" content=\"de_DE\" \/>\n<meta property=\"og:type\" content=\"article\" \/>\n<meta property=\"og:title\" content=\"Umwelt - 6 Vientos - Casas en Zahora\" \/>\n<meta property=\"og:description\" content=\"Das Haus Levante ist ein einst\u00f6ckiges Holzhaus von ca. 70 m2 und ca. 220 m2 v\u00f6llig privatem Grundst\u00fcck, ideal f\u00fcr Familien und Freunde. Es hat 3 Schlafzimmer f\u00fcr bis zu 6 Personen, Wohnzimmer, K\u00fcche, separate Dusche und gro\u00dfe Sonnenterrasse. Das Haus befindet sich in einer ruhigen, privilegierten und charmanten Ecke von 6 Winden. &nbsp;Die Handlung [&hellip;]\" \/>\n<meta property=\"og:url\" content=\"https:\/\/www.6vientos.com\/de\/umwelt\/\" \/>\n<meta property=\"og:site_name\" content=\"6 Vientos - Casas en Zahora\" \/>\n<meta property=\"article:modified_time\" content=\"2024-02-14T07:56:00+00:00\" \/>\n<meta name=\"twitter:card\" content=\"summary_large_image\" \/>\n<meta name=\"twitter:label1\" content=\"Gesch\u00e4tzte Lesezeit\" \/>\n\t<meta name=\"twitter:data1\" content=\"8\u00a0Minuten\" \/>\n<script type=\"application\/ld+json\" class=\"yoast-schema-graph\">{\"@context\":\"https:\\\/\\\/schema.org\",\"@graph\":[{\"@type\":\"WebPage\",\"@id\":\"https:\\\/\\\/www.6vientos.com\\\/de\\\/umwelt\\\/\",\"url\":\"https:\\\/\\\/www.6vientos.com\\\/de\\\/umwelt\\\/\",\"name\":\"Umwelt - 6 Vientos - Casas en Zahora\",\"isPartOf\":{\"@id\":\"https:\\\/\\\/www.6vientos.com\\\/de\\\/#website\"},\"datePublished\":\"2021-02-19T13:39:59+00:00\",\"dateModified\":\"2024-02-14T07:56:00+00:00\",\"breadcrumb\":{\"@id\":\"https:\\\/\\\/www.6vientos.com\\\/de\\\/umwelt\\\/#breadcrumb\"},\"inLanguage\":\"de\",\"potentialAction\":[{\"@type\":\"ReadAction\",\"target\":[\"https:\\\/\\\/www.6vientos.com\\\/de\\\/umwelt\\\/\"]}]},{\"@type\":\"BreadcrumbList\",\"@id\":\"https:\\\/\\\/www.6vientos.com\\\/de\\\/umwelt\\\/#breadcrumb\",\"itemListElement\":[{\"@type\":\"ListItem\",\"position\":1,\"name\":\"Portada\",\"item\":\"https:\\\/\\\/www.6vientos.com\\\/de\\\/\"},{\"@type\":\"ListItem\",\"position\":2,\"name\":\"Umwelt\"}]},{\"@type\":\"WebSite\",\"@id\":\"https:\\\/\\\/www.6vientos.com\\\/de\\\/#website\",\"url\":\"https:\\\/\\\/www.6vientos.com\\\/de\\\/\",\"name\":\"6 Vientos - Casas en Zahora\",\"description\":\"Casas con encanto en Zahora\",\"publisher\":{\"@id\":\"https:\\\/\\\/www.6vientos.com\\\/de\\\/#organization\"},\"alternateName\":\"Seis Vientos - Casas en Zahora\",\"potentialAction\":[{\"@type\":\"SearchAction\",\"target\":{\"@type\":\"EntryPoint\",\"urlTemplate\":\"https:\\\/\\\/www.6vientos.com\\\/de\\\/?s={search_term_string}\"},\"query-input\":{\"@type\":\"PropertyValueSpecification\",\"valueRequired\":true,\"valueName\":\"search_term_string\"}}],\"inLanguage\":\"de\"},{\"@type\":\"Organization\",\"@id\":\"https:\\\/\\\/www.6vientos.com\\\/de\\\/#organization\",\"name\":\"6 Vientos - Casas en Zahora\",\"alternateName\":\"Seis Vientos - Casas en Zahora\",\"url\":\"https:\\\/\\\/www.6vientos.com\\\/de\\\/\",\"logo\":{\"@type\":\"ImageObject\",\"inLanguage\":\"de\",\"@id\":\"https:\\\/\\\/www.6vientos.com\\\/de\\\/#\\\/schema\\\/logo\\\/image\\\/\",\"url\":\"http:\\\/\\\/6vientos.com\\\/wp-content\\\/uploads\\\/2021\\\/02\\\/6vientos-1.png\",\"contentUrl\":\"http:\\\/\\\/6vientos.com\\\/wp-content\\\/uploads\\\/2021\\\/02\\\/6vientos-1.png\",\"width\":783,\"height\":179,\"caption\":\"6 Vientos - Casas en Zahora\"},\"image\":{\"@id\":\"https:\\\/\\\/www.6vientos.com\\\/de\\\/#\\\/schema\\\/logo\\\/image\\\/\"},\"sameAs\":[\"https:\\\/\\\/www.instagram.com\\\/6vientos\\\/\"]}]}<\/script>\n<!-- \/ Yoast SEO plugin. -->","yoast_head_json":{"title":"Umwelt - 6 Vientos - Casas en Zahora","robots":{"index":"index","follow":"follow","max-snippet":"max-snippet:-1","max-image-preview":"max-image-preview:large","max-video-preview":"max-video-preview:-1"},"canonical":"https:\/\/www.6vientos.com\/de\/umwelt\/","og_locale":"de_DE","og_type":"article","og_title":"Umwelt - 6 Vientos - Casas en Zahora","og_description":"Das Haus Levante ist ein einst\u00f6ckiges Holzhaus von ca. 70 m2 und ca. 220 m2 v\u00f6llig privatem Grundst\u00fcck, ideal f\u00fcr Familien und Freunde. Es hat 3 Schlafzimmer f\u00fcr bis zu 6 Personen, Wohnzimmer, K\u00fcche, separate Dusche und gro\u00dfe Sonnenterrasse. Das Haus befindet sich in einer ruhigen, privilegierten und charmanten Ecke von 6 Winden. &nbsp;Die Handlung [&hellip;]","og_url":"https:\/\/www.6vientos.com\/de\/umwelt\/","og_site_name":"6 Vientos - Casas en Zahora","article_modified_time":"2024-02-14T07:56:00+00:00","twitter_card":"summary_large_image","twitter_misc":{"Gesch\u00e4tzte Lesezeit":"8\u00a0Minuten"},"schema":{"@context":"https:\/\/schema.org","@graph":[{"@type":"WebPage","@id":"https:\/\/www.6vientos.com\/de\/umwelt\/","url":"https:\/\/www.6vientos.com\/de\/umwelt\/","name":"Umwelt - 6 Vientos - Casas en Zahora","isPartOf":{"@id":"https:\/\/www.6vientos.com\/de\/#website"},"datePublished":"2021-02-19T13:39:59+00:00","dateModified":"2024-02-14T07:56:00+00:00","breadcrumb":{"@id":"https:\/\/www.6vientos.com\/de\/umwelt\/#breadcrumb"},"inLanguage":"de","potentialAction":[{"@type":"ReadAction","target":["https:\/\/www.6vientos.com\/de\/umwelt\/"]}]},{"@type":"BreadcrumbList","@id":"https:\/\/www.6vientos.com\/de\/umwelt\/#breadcrumb","itemListElement":[{"@type":"ListItem","position":1,"name":"Portada","item":"https:\/\/www.6vientos.com\/de\/"},{"@type":"ListItem","position":2,"name":"Umwelt"}]},{"@type":"WebSite","@id":"https:\/\/www.6vientos.com\/de\/#website","url":"https:\/\/www.6vientos.com\/de\/","name":"6 Vientos - Casas en Zahora","description":"Casas con encanto en Zahora","publisher":{"@id":"https:\/\/www.6vientos.com\/de\/#organization"},"alternateName":"Seis Vientos - Casas en Zahora","potentialAction":[{"@type":"SearchAction","target":{"@type":"EntryPoint","urlTemplate":"https:\/\/www.6vientos.com\/de\/?s={search_term_string}"},"query-input":{"@type":"PropertyValueSpecification","valueRequired":true,"valueName":"search_term_string"}}],"inLanguage":"de"},{"@type":"Organization","@id":"https:\/\/www.6vientos.com\/de\/#organization","name":"6 Vientos - Casas en Zahora","alternateName":"Seis Vientos - Casas en Zahora","url":"https:\/\/www.6vientos.com\/de\/","logo":{"@type":"ImageObject","inLanguage":"de","@id":"https:\/\/www.6vientos.com\/de\/#\/schema\/logo\/image\/","url":"http:\/\/6vientos.com\/wp-content\/uploads\/2021\/02\/6vientos-1.png","contentUrl":"http:\/\/6vientos.com\/wp-content\/uploads\/2021\/02\/6vientos-1.png","width":783,"height":179,"caption":"6 Vientos - Casas en Zahora"},"image":{"@id":"https:\/\/www.6vientos.com\/de\/#\/schema\/logo\/image\/"},"sameAs":["https:\/\/www.instagram.com\/6vientos\/"]}]}},"_links":{"self":[{"href":"https:\/\/www.6vientos.com\/de\/wp-json\/wp\/v2\/pages\/2365","targetHints":{"allow":["GET"]}}],"collection":[{"href":"https:\/\/www.6vientos.com\/de\/wp-json\/wp\/v2\/pages"}],"about":[{"href":"https:\/\/www.6vientos.com\/de\/wp-json\/wp\/v2\/types\/page"}],"author":[{"embeddable":true,"href":"https:\/\/www.6vientos.com\/de\/wp-json\/wp\/v2\/users\/5"}],"replies":[{"embeddable":true,"href":"https:\/\/www.6vientos.com\/de\/wp-json\/wp\/v2\/comments?post=2365"}],"version-history":[{"count":10,"href":"https:\/\/www.6vientos.com\/de\/wp-json\/wp\/v2\/pages\/2365\/revisions"}],"predecessor-version":[{"id":3587,"href":"https:\/\/www.6vientos.com\/de\/wp-json\/wp\/v2\/pages\/2365\/revisions\/3587"}],"wp:attachment":[{"href":"https:\/\/www.6vientos.com\/de\/wp-json\/wp\/v2\/media?parent=2365"}],"curies":[{"name":"wp","href":"https:\/\/api.w.org\/{rel}","templated":true}]}}