{"id":2385,"date":"2021-02-14T21:33:09","date_gmt":"2021-02-14T20:33:09","guid":{"rendered":"http:\/\/6vientos.com\/las-casas\/"},"modified":"2022-11-23T13:35:54","modified_gmt":"2022-11-23T12:35:54","slug":"las-casas","status":"publish","type":"page","link":"https:\/\/www.6vientos.com\/de\/las-casas\/","title":{"rendered":"Las Casas"},"content":{"rendered":"<p>[et_pb_section fb_built=&#8220;1&#8243; fullwidth=&#8220;on&#8220; disabled_on=&#8220;off|off|off&#8220; admin_label=&#8220;Hero&#8220; _builder_version=&#8220;4.19.1&#8243; background_color=&#8220;RGBA(255,255,255,0)&#8220; parallax=&#8220;on&#8220; custom_padding=&#8220;|||&#8220; hover_enabled=&#8220;0&#8243; transparent_background=&#8220;on&#8220; global_colors_info=&#8220;{}&#8220; title_text=&#8220;zahoraplaya&#8220; background_image=&#8220;http:\/\/6vientos.com\/wp-content\/uploads\/2021\/03\/zahoraplaya.jpg&#8220; sticky_enabled=&#8220;0&#8243;][et_pb_fullwidth_header title=&#8220;Die H\u00e4user&#8220; text_orientation=&#8220;center&#8220; background_overlay_color=&#8220;rgba(31,31,31,0.27)&#8220; subhead_font_color=&#8220;#bebebe&#8220; _builder_version=&#8220;4.19.1&#8243; title_font=&#8220;Montserrat||||||||&#8220; title_text_color=&#8220;#ffffff&#8220; title_font_size=&#8220;50px&#8220; title_line_height=&#8220;1.3em&#8220; content_font=&#8220;Montserrat||||||||&#8220; content_text_color=&#8220;#ffffff&#8220; content_font_size=&#8220;19px&#8220; content_line_height=&#8220;1.8em&#8220; subhead_font=&#8220;Montserrat||||&#8220; subhead_text_color=&#8220;#bebebe&#8220; subhead_line_height=&#8220;1.8em&#8220; background_color=&#8220;RGBA(255,255,255,0)&#8220; parallax=&#8220;on&#8220; parallax_method=&#8220;on&#8220; custom_padding=&#8220;5%||5%|&#8220; animation_style=&#8220;zoom&#8220; animation_duration=&#8220;1500ms&#8220; animation_intensity_zoom=&#8220;4%&#8220; hover_enabled=&#8220;0&#8243; title_line_height_last_edited=&#8220;off|desktop&#8220; global_colors_info=&#8220;{}&#8220; button_one_text_size__hover_enabled=&#8220;off&#8220; button_two_text_size__hover_enabled=&#8220;off&#8220; button_one_text_color__hover_enabled=&#8220;off&#8220; button_two_text_color__hover_enabled=&#8220;off&#8220; button_one_border_width__hover_enabled=&#8220;off&#8220; button_two_border_width__hover_enabled=&#8220;off&#8220; button_one_border_color__hover_enabled=&#8220;off&#8220; button_two_border_color__hover_enabled=&#8220;off&#8220; button_one_border_radius__hover_enabled=&#8220;off&#8220; button_two_border_radius__hover_enabled=&#8220;off&#8220; button_one_letter_spacing__hover_enabled=&#8220;off&#8220; button_two_letter_spacing__hover_enabled=&#8220;off&#8220; button_one_bg_color__hover_enabled=&#8220;off&#8220; button_two_bg_color__hover_enabled=&#8220;off&#8220; sticky_enabled=&#8220;0&#8243; background_enable_image=&#8220;off&#8220;]<\/p>\n<p><span style=\"font-size: 19px;\">6 H\u00e4user zu vermieten am Strand von Zahora, um Ihren Urlaub zu genie\u00dfen<\/span><\/p>\n<p><span style=\"font-size: 19px;\">Weniger als 5 Minuten vom Strand entfernt und mit allen Annehmlichkeiten.<\/span><\/p>\n<p><span style=\"font-size: 19px;\">Unabh\u00e4ngige Parzellen auf einem Grundst\u00fcck von mehr als 2000 m2.<\/span><\/p>\n<p>&nbsp;<\/p>\n<p>[\/et_pb_fullwidth_header][\/et_pb_section][et_pb_section fb_built=&#8220;1&#8243; _builder_version=&#8220;4.16&#8243; _module_preset=&#8220;default&#8220; custom_padding=&#8220;1px||0px|||&#8220; global_colors_info=&#8220;{}&#8220;][et_pb_row column_structure=&#8220;1_3,1_3,1_3&#8243; _builder_version=&#8220;4.16&#8243; _module_preset=&#8220;default&#8220; global_colors_info=&#8220;{}&#8220;][et_pb_column type=&#8220;1_3&#8243; _builder_version=&#8220;4.16&#8243; _module_preset=&#8220;default&#8220; global_colors_info=&#8220;{}&#8220;][mphb-divi-single-accommodation id=&#8220;196&#8243; gallery=&#8220;off&#8220; price=&#8220;off&#8220; book_button=&#8220;off&#8220; _builder_version=&#8220;4.16&#8243; _module_preset=&#8220;default&#8220; module_font=&#8220;Montserrat||||||||&#8220; text_orientation=&#8220;justified&#8220; min_height=&#8220;717px&#8220; custom_margin=&#8220;||16px|0px|false|false&#8220; custom_padding=&#8220;15px|8px|8px|8px|false|false&#8220; border_radii=&#8220;on|20px|20px|20px|20px&#8220; border_width_all=&#8220;3px&#8220; global_colors_info=&#8220;{}&#8220;][\/mphb-divi-single-accommodation][\/et_pb_column][et_pb_column type=&#8220;1_3&#8243; _builder_version=&#8220;4.16&#8243; _module_preset=&#8220;default&#8220; global_colors_info=&#8220;{}&#8220;][mphb-divi-single-accommodation id=&#8220;254&#8243; gallery=&#8220;off&#8220; price=&#8220;off&#8220; book_button=&#8220;off&#8220; _builder_version=&#8220;4.16&#8243; _module_preset=&#8220;default&#8220; module_font=&#8220;Montserrat||||||||&#8220; text_orientation=&#8220;justified&#8220; custom_margin=&#8220;||-27px|||&#8220; custom_padding=&#8220;15px|8px|58px|8px|false|false&#8220; border_radii=&#8220;on|20px|20px|20px|20px&#8220; border_width_all=&#8220;3px&#8220; global_colors_info=&#8220;{}&#8220;][\/mphb-divi-single-accommodation][\/et_pb_column][et_pb_column type=&#8220;1_3&#8243; _builder_version=&#8220;4.16&#8243; _module_preset=&#8220;default&#8220; global_colors_info=&#8220;{}&#8220;][mphb-divi-single-accommodation id=&#8220;245&#8243; gallery=&#8220;off&#8220; price=&#8220;off&#8220; book_button=&#8220;off&#8220; _builder_version=&#8220;4.16&#8243; _module_preset=&#8220;default&#8220; module_font=&#8220;Montserrat||||||||&#8220; text_orientation=&#8220;justified&#8220; custom_padding=&#8220;15px|8px|33px|8px|false|false&#8220; border_radii=&#8220;on|20px|20px|20px|20px&#8220; border_width_all=&#8220;3px&#8220; global_colors_info=&#8220;{}&#8220;][\/mphb-divi-single-accommodation][\/et_pb_column][\/et_pb_row][\/et_pb_section][et_pb_section fb_built=&#8220;1&#8243; _builder_version=&#8220;4.16&#8243; _module_preset=&#8220;default&#8220; min_height=&#8220;739.5px&#8220; custom_margin=&#8220;-86px|||||&#8220; custom_padding=&#8220;86px|||||&#8220; global_colors_info=&#8220;{}&#8220;][et_pb_row column_structure=&#8220;1_2,1_2&#8243; _builder_version=&#8220;4.16&#8243; _module_preset=&#8220;default&#8220; global_colors_info=&#8220;{}&#8220;][et_pb_column type=&#8220;1_2&#8243; _builder_version=&#8220;4.16&#8243; _module_preset=&#8220;default&#8220; global_colors_info=&#8220;{}&#8220;][mphb-divi-single-accommodation id=&#8220;256&#8243; price=&#8220;off&#8220; book_button=&#8220;off&#8220; _builder_version=&#8220;4.16&#8243; _module_preset=&#8220;default&#8220; module_font=&#8220;Montserrat||||||||&#8220; module_text_align=&#8220;justify&#8220; min_height=&#8220;783.4px&#8220; custom_padding=&#8220;15px|8px|25px|8px|false|false&#8220; border_radii=&#8220;on|20px|20px|20px|20px&#8220; border_width_all=&#8220;3px&#8220; global_colors_info=&#8220;{}&#8220;][\/mphb-divi-single-accommodation][\/et_pb_column][et_pb_column type=&#8220;1_2&#8243; _builder_version=&#8220;4.16&#8243; _module_preset=&#8220;default&#8220; global_colors_info=&#8220;{}&#8220;][mphb-divi-single-accommodation id=&#8220;251&#8243; gallery=&#8220;off&#8220; price=&#8220;off&#8220; book_button=&#8220;off&#8220; _builder_version=&#8220;4.16&#8243; _module_preset=&#8220;default&#8220; module_font=&#8220;Montserrat||||||||&#8220; module_text_align=&#8220;justify&#8220; custom_padding=&#8220;15px|8px|25px|8px|false|false&#8220; border_radii=&#8220;on|20px|20px|20px|20px&#8220; border_width_all=&#8220;3px&#8220; global_colors_info=&#8220;{}&#8220;][\/mphb-divi-single-accommodation][\/et_pb_column][\/et_pb_row][\/et_pb_section]<\/p>\n","protected":false},"excerpt":{"rendered":"<p>6 H\u00e4user zu vermieten am Strand von Zahora, um Ihren Urlaub zu genie\u00dfen Weniger als 5 Minuten vom Strand entfernt und mit allen Annehmlichkeiten. Unabh\u00e4ngige Parzellen auf einem Grundst\u00fcck von mehr als 2000 m2. &nbsp;<div class=\"et_pb_with_border et_pb_module mphb-divi-single-accommodation mphb-divi-single-accommodation_0\">\n\t\t\t\t\n\t\t\t\t\n\t\t\t\t\n\t\t\t\t\n\t\t\t\t\n\t\t\t\t\n\t\t\t\t<div class=\"et_pb_module_inner\">\n\t\t\t\t\t<div class=\"mphb_sc_room-wrapper \"><div class=\"mphb-room-type post-2446 mphb_room_type type-mphb_room_type status-publish has-post-thumbnail mphb_room_type_facility-fernsehen mphb_room_type_facility-geschirrspuler mphb_room_type_facility-grillen mphb_room_type_facility-hochgeschwindigkeits-wifi mphb_room_type_facility-kaffeemaschine mphb_room_type_facility-klimatisierung mphb_room_type_facility-kuhlschrank mphb_room_type_facility-privater-garten mphb_room_type_facility-stellplatz mphb_room_type_facility-toaster mphb_room_type_facility-trockner mphb_room_type_facility-waschmaschine mphb-room-type-adults-6 mphb-room-type-children-0 \">\n\n\t\n\t\n\n\t<p class=\"post-thumbnail mphb-loop-room-thumbnail\">\n\t<a href=\"https:\/\/www.6vientos.com\/de\/accommodation\/levante\/\">\n\t<img width=\"2000\" height=\"1500\" src=\"https:\/\/www.6vientos.com\/wp-content\/uploads\/2021\/05\/Levante-3.jpeg\" class=\"attachment-post-thumbnail size-post-thumbnail wp-post-image\" alt=\"Casa Levante Sal\u00f3n\" decoding=\"async\" loading=\"lazy\" srcset=\"https:\/\/www.6vientos.com\/wp-content\/uploads\/2021\/05\/Levante-3.jpeg 2000w, https:\/\/www.6vientos.com\/wp-content\/uploads\/2021\/05\/Levante-3-1280x960.jpeg 1280w, https:\/\/www.6vientos.com\/wp-content\/uploads\/2021\/05\/Levante-3-980x735.jpeg 980w, https:\/\/www.6vientos.com\/wp-content\/uploads\/2021\/05\/Levante-3-480x360.jpeg 480w\" sizes=\"(min-width: 0px) and (max-width: 480px) 480px, (min-width: 481px) and (max-width: 980px) 980px, (min-width: 981px) and (max-width: 1280px) 1280px, (min-width: 1281px) 2000px, 100vw\" \/>\t<\/a>\n\n\t<\/p>\n\n<h2 class=\"mphb-room-type-title entry-title\">\n\n<a class=\"mphb-room-type-title\" href=\"https:\/\/www.6vientos.com\/de\/accommodation\/levante\/\">Levante<\/a>\n\n<\/h2>\n\n<p>Das Haus Levante ist ein einst\u00f6ckiges Holzhaus von ca. 70 m2 und ca. 220 m2 v\u00f6llig privatem Grundst\u00fcck, ideal f\u00fcr Familien und Freunde. Es hat 3 Schlafzimmer f\u00fcr bis zu 6 Personen, Wohnzimmer, K\u00fcche, separate Dusche und gro\u00dfe Sonnenterrasse. Das Haus befindet sich in einer ruhigen, privilegierten und charmanten Ecke von 6 Winden. &nbsp;Die Handlung [&hellip;]<\/p>\n\n\n<h3 class=\"mphb-room-type-details-title\">Details<\/h3><ul class=\"mphb-loop-room-type-attributes\">\n\n\n\t<li class=\"mphb-room-type-adults-capacity\"><span class=\"mphb-attribute-title mphb-adults-title\">G\u00e4ste:<\/span><span class=\"mphb-attribute-value\">\n\t6\n\t<\/span><\/li>\n\t\n\n\t<li class=\"mphb-room-type-facilities\"><span class=\"mphb-attribute-title mphb-facilities-title\">Ausstattungen:<\/span><span class=\"mphb-attribute-value\"> <span class=\"facility-fernsehen\"><a href=\"https:\/\/www.6vientos.com\/de\/accommodation-facility\/fernsehen\/\">Fernsehen<\/a><\/span>, <span class=\"facility-geschirrspuler\"><a href=\"https:\/\/www.6vientos.com\/de\/accommodation-facility\/geschirrspuler\/\">Geschirrsp\u00fcler<\/a><\/span>, <span class=\"facility-grillen\"><a href=\"https:\/\/www.6vientos.com\/de\/accommodation-facility\/grillen\/\">Grillen<\/a><\/span>, <span class=\"facility-hochgeschwindigkeits-wifi\"><a href=\"https:\/\/www.6vientos.com\/de\/accommodation-facility\/hochgeschwindigkeits-wifi\/\">Hochgeschwindigkeits-WIFI<\/a><\/span>, <span class=\"facility-kaffeemaschine\"><a href=\"https:\/\/www.6vientos.com\/de\/accommodation-facility\/kaffeemaschine\/\">Kaffeemaschine<\/a><\/span>, <span class=\"facility-klimatisierung\"><a href=\"https:\/\/www.6vientos.com\/de\/accommodation-facility\/klimatisierung\/\">Klimatisierung<\/a><\/span>, <span class=\"facility-kuhlschrank\"><a href=\"https:\/\/www.6vientos.com\/de\/accommodation-facility\/kuhlschrank\/\">K\u00fchlschrank<\/a><\/span>, <span class=\"facility-privater-garten\"><a href=\"https:\/\/www.6vientos.com\/de\/accommodation-facility\/privater-garten\/\">Privater Garten<\/a><\/span>, <span class=\"facility-stellplatz\"><a href=\"https:\/\/www.6vientos.com\/de\/accommodation-facility\/stellplatz\/\">Stellplatz<\/a><\/span>, <span class=\"facility-toaster\"><a href=\"https:\/\/www.6vientos.com\/de\/accommodation-facility\/toaster\/\">Toaster<\/a><\/span>, <span class=\"facility-trockner\"><a href=\"https:\/\/www.6vientos.com\/de\/accommodation-facility\/trockner\/\">Trockner<\/a><\/span>, <span class=\"facility-waschmaschine\"><a href=\"https:\/\/www.6vientos.com\/de\/accommodation-facility\/waschmaschine\/\">Waschmaschine<\/a><\/span><\/span><\/li>\n\t\n\n\n\n\n\t<li class=\"mphb-room-type-size\"><span class=\"mphb-attribute-title mphb-size-title\">Gr\u00f6\u00dfe:<\/span><span class=\"mphb-attribute-value\">\n\t70m\u00b2\n\t<\/span><\/li>\n\t\n\n\t<li class=\"mphb-room-type-bed-type\"><span  class=\"mphb-attribute-title mphb-bed-type-title\">Bettentyp:<\/span><span class=\"mphb-attribute-value\">\n\t1 Doppelbett, 4 Einzelbetten\n\t<\/span><\/li>\n\t\n\n<\/ul>\n<p class=\"mphb-view-details-button-wrapper\">\n<a class=\"button mphb-view-details-button\" href=\"https:\/\/www.6vientos.com\/de\/accommodation\/levante\/\" >Details ansehen<\/a>\n<\/p>\n\t\n<\/div>\n<\/div>\n\t\t\t\t<\/div>\n\t\t\t<\/div><div class=\"et_pb_module mphb-divi-single-accommodation mphb-divi-single-accommodation_1\">\n\t\t\t\t\n\t\t\t\t\n\t\t\t\t\n\t\t\t\t\n\t\t\t\t\n\t\t\t\t\n\t\t\t\t<div class=\"et_pb_module_inner\">\n\t\t\t\t\t<div class=\"mphb_sc_room-wrapper \"><\/div>\n\t\t\t\t<\/div>\n\t\t\t<\/div><\/p>\n","protected":false},"author":5,"featured_media":0,"parent":0,"menu_order":1,"comment_status":"closed","ping_status":"closed","template":"","meta":{"_et_pb_use_builder":"on","_et_pb_old_content":"","_et_gb_content_width":"","_monsterinsights_skip_tracking":false,"_monsterinsights_sitenote_active":false,"_monsterinsights_sitenote_note":"","_monsterinsights_sitenote_category":0,"footnotes":""},"class_list":["post-2385","page","type-page","status-publish","hentry"],"yoast_head":"<!-- This site is optimized with the Yoast SEO plugin v27.4 - https:\/\/yoast.com\/product\/yoast-seo-wordpress\/ -->\n<title>Las Casas - 6 Vientos - Casas en Zahora<\/title>\n<meta name=\"description\" content=\"6 H\u00e4user zur Miete am Strand von Zahora, um Ihren Urlaub zu genie\u00dfen. Weniger als 5 Minuten vom Strand entfernt und mit allen Annehmlichkeiten.\" \/>\n<meta name=\"robots\" content=\"index, follow, max-snippet:-1, max-image-preview:large, max-video-preview:-1\" \/>\n<link rel=\"canonical\" href=\"https:\/\/www.6vientos.com\/de\/las-casas\/\" \/>\n<meta property=\"og:locale\" content=\"de_DE\" \/>\n<meta property=\"og:type\" content=\"article\" \/>\n<meta property=\"og:title\" content=\"Las Casas - 6 Vientos - Casas en Zahora\" \/>\n<meta property=\"og:description\" content=\"6 H\u00e4user zur Miete am Strand von Zahora, um Ihren Urlaub zu genie\u00dfen. Weniger als 5 Minuten vom Strand entfernt und mit allen Annehmlichkeiten.\" \/>\n<meta property=\"og:url\" content=\"https:\/\/www.6vientos.com\/de\/las-casas\/\" \/>\n<meta property=\"og:site_name\" content=\"6 Vientos - Casas en Zahora\" \/>\n<meta property=\"article:modified_time\" content=\"2022-11-23T12:35:54+00:00\" \/>\n<meta name=\"twitter:card\" content=\"summary_large_image\" \/>\n<meta name=\"twitter:label1\" content=\"Gesch\u00e4tzte Lesezeit\" \/>\n\t<meta name=\"twitter:data1\" content=\"3\u00a0Minuten\" \/>\n<script type=\"application\/ld+json\" class=\"yoast-schema-graph\">{\"@context\":\"https:\\\/\\\/schema.org\",\"@graph\":[{\"@type\":\"WebPage\",\"@id\":\"https:\\\/\\\/www.6vientos.com\\\/de\\\/las-casas\\\/\",\"url\":\"https:\\\/\\\/www.6vientos.com\\\/de\\\/las-casas\\\/\",\"name\":\"Las Casas - 6 Vientos - Casas en Zahora\",\"isPartOf\":{\"@id\":\"https:\\\/\\\/www.6vientos.com\\\/de\\\/#website\"},\"datePublished\":\"2021-02-14T20:33:09+00:00\",\"dateModified\":\"2022-11-23T12:35:54+00:00\",\"description\":\"6 H\u00e4user zur Miete am Strand von Zahora, um Ihren Urlaub zu genie\u00dfen. Weniger als 5 Minuten vom Strand entfernt und mit allen Annehmlichkeiten.\",\"breadcrumb\":{\"@id\":\"https:\\\/\\\/www.6vientos.com\\\/de\\\/las-casas\\\/#breadcrumb\"},\"inLanguage\":\"de\",\"potentialAction\":[{\"@type\":\"ReadAction\",\"target\":[\"https:\\\/\\\/www.6vientos.com\\\/de\\\/las-casas\\\/\"]}]},{\"@type\":\"BreadcrumbList\",\"@id\":\"https:\\\/\\\/www.6vientos.com\\\/de\\\/las-casas\\\/#breadcrumb\",\"itemListElement\":[{\"@type\":\"ListItem\",\"position\":1,\"name\":\"Portada\",\"item\":\"https:\\\/\\\/www.6vientos.com\\\/de\\\/\"},{\"@type\":\"ListItem\",\"position\":2,\"name\":\"Las Casas\"}]},{\"@type\":\"WebSite\",\"@id\":\"https:\\\/\\\/www.6vientos.com\\\/de\\\/#website\",\"url\":\"https:\\\/\\\/www.6vientos.com\\\/de\\\/\",\"name\":\"6 Vientos - Casas en Zahora\",\"description\":\"Casas con encanto en Zahora\",\"publisher\":{\"@id\":\"https:\\\/\\\/www.6vientos.com\\\/de\\\/#organization\"},\"alternateName\":\"Seis Vientos - Casas en Zahora\",\"potentialAction\":[{\"@type\":\"SearchAction\",\"target\":{\"@type\":\"EntryPoint\",\"urlTemplate\":\"https:\\\/\\\/www.6vientos.com\\\/de\\\/?s={search_term_string}\"},\"query-input\":{\"@type\":\"PropertyValueSpecification\",\"valueRequired\":true,\"valueName\":\"search_term_string\"}}],\"inLanguage\":\"de\"},{\"@type\":\"Organization\",\"@id\":\"https:\\\/\\\/www.6vientos.com\\\/de\\\/#organization\",\"name\":\"6 Vientos - Casas en Zahora\",\"alternateName\":\"Seis Vientos - Casas en Zahora\",\"url\":\"https:\\\/\\\/www.6vientos.com\\\/de\\\/\",\"logo\":{\"@type\":\"ImageObject\",\"inLanguage\":\"de\",\"@id\":\"https:\\\/\\\/www.6vientos.com\\\/de\\\/#\\\/schema\\\/logo\\\/image\\\/\",\"url\":\"http:\\\/\\\/6vientos.com\\\/wp-content\\\/uploads\\\/2021\\\/02\\\/6vientos-1.png\",\"contentUrl\":\"http:\\\/\\\/6vientos.com\\\/wp-content\\\/uploads\\\/2021\\\/02\\\/6vientos-1.png\",\"width\":783,\"height\":179,\"caption\":\"6 Vientos - Casas en Zahora\"},\"image\":{\"@id\":\"https:\\\/\\\/www.6vientos.com\\\/de\\\/#\\\/schema\\\/logo\\\/image\\\/\"},\"sameAs\":[\"https:\\\/\\\/www.instagram.com\\\/6vientos\\\/\"]}]}<\/script>\n<!-- \/ Yoast SEO plugin. -->","yoast_head_json":{"title":"Las Casas - 6 Vientos - Casas en Zahora","description":"6 H\u00e4user zur Miete am Strand von Zahora, um Ihren Urlaub zu genie\u00dfen. Weniger als 5 Minuten vom Strand entfernt und mit allen Annehmlichkeiten.","robots":{"index":"index","follow":"follow","max-snippet":"max-snippet:-1","max-image-preview":"max-image-preview:large","max-video-preview":"max-video-preview:-1"},"canonical":"https:\/\/www.6vientos.com\/de\/las-casas\/","og_locale":"de_DE","og_type":"article","og_title":"Las Casas - 6 Vientos - Casas en Zahora","og_description":"6 H\u00e4user zur Miete am Strand von Zahora, um Ihren Urlaub zu genie\u00dfen. Weniger als 5 Minuten vom Strand entfernt und mit allen Annehmlichkeiten.","og_url":"https:\/\/www.6vientos.com\/de\/las-casas\/","og_site_name":"6 Vientos - Casas en Zahora","article_modified_time":"2022-11-23T12:35:54+00:00","twitter_card":"summary_large_image","twitter_misc":{"Gesch\u00e4tzte Lesezeit":"3\u00a0Minuten"},"schema":{"@context":"https:\/\/schema.org","@graph":[{"@type":"WebPage","@id":"https:\/\/www.6vientos.com\/de\/las-casas\/","url":"https:\/\/www.6vientos.com\/de\/las-casas\/","name":"Las Casas - 6 Vientos - Casas en Zahora","isPartOf":{"@id":"https:\/\/www.6vientos.com\/de\/#website"},"datePublished":"2021-02-14T20:33:09+00:00","dateModified":"2022-11-23T12:35:54+00:00","description":"6 H\u00e4user zur Miete am Strand von Zahora, um Ihren Urlaub zu genie\u00dfen. Weniger als 5 Minuten vom Strand entfernt und mit allen Annehmlichkeiten.","breadcrumb":{"@id":"https:\/\/www.6vientos.com\/de\/las-casas\/#breadcrumb"},"inLanguage":"de","potentialAction":[{"@type":"ReadAction","target":["https:\/\/www.6vientos.com\/de\/las-casas\/"]}]},{"@type":"BreadcrumbList","@id":"https:\/\/www.6vientos.com\/de\/las-casas\/#breadcrumb","itemListElement":[{"@type":"ListItem","position":1,"name":"Portada","item":"https:\/\/www.6vientos.com\/de\/"},{"@type":"ListItem","position":2,"name":"Las Casas"}]},{"@type":"WebSite","@id":"https:\/\/www.6vientos.com\/de\/#website","url":"https:\/\/www.6vientos.com\/de\/","name":"6 Vientos - Casas en Zahora","description":"Casas con encanto en Zahora","publisher":{"@id":"https:\/\/www.6vientos.com\/de\/#organization"},"alternateName":"Seis Vientos - Casas en Zahora","potentialAction":[{"@type":"SearchAction","target":{"@type":"EntryPoint","urlTemplate":"https:\/\/www.6vientos.com\/de\/?s={search_term_string}"},"query-input":{"@type":"PropertyValueSpecification","valueRequired":true,"valueName":"search_term_string"}}],"inLanguage":"de"},{"@type":"Organization","@id":"https:\/\/www.6vientos.com\/de\/#organization","name":"6 Vientos - Casas en Zahora","alternateName":"Seis Vientos - Casas en Zahora","url":"https:\/\/www.6vientos.com\/de\/","logo":{"@type":"ImageObject","inLanguage":"de","@id":"https:\/\/www.6vientos.com\/de\/#\/schema\/logo\/image\/","url":"http:\/\/6vientos.com\/wp-content\/uploads\/2021\/02\/6vientos-1.png","contentUrl":"http:\/\/6vientos.com\/wp-content\/uploads\/2021\/02\/6vientos-1.png","width":783,"height":179,"caption":"6 Vientos - Casas en Zahora"},"image":{"@id":"https:\/\/www.6vientos.com\/de\/#\/schema\/logo\/image\/"},"sameAs":["https:\/\/www.instagram.com\/6vientos\/"]}]}},"_links":{"self":[{"href":"https:\/\/www.6vientos.com\/de\/wp-json\/wp\/v2\/pages\/2385","targetHints":{"allow":["GET"]}}],"collection":[{"href":"https:\/\/www.6vientos.com\/de\/wp-json\/wp\/v2\/pages"}],"about":[{"href":"https:\/\/www.6vientos.com\/de\/wp-json\/wp\/v2\/types\/page"}],"author":[{"embeddable":true,"href":"https:\/\/www.6vientos.com\/de\/wp-json\/wp\/v2\/users\/5"}],"replies":[{"embeddable":true,"href":"https:\/\/www.6vientos.com\/de\/wp-json\/wp\/v2\/comments?post=2385"}],"version-history":[{"count":10,"href":"https:\/\/www.6vientos.com\/de\/wp-json\/wp\/v2\/pages\/2385\/revisions"}],"predecessor-version":[{"id":2566,"href":"https:\/\/www.6vientos.com\/de\/wp-json\/wp\/v2\/pages\/2385\/revisions\/2566"}],"wp:attachment":[{"href":"https:\/\/www.6vientos.com\/de\/wp-json\/wp\/v2\/media?parent=2385"}],"curies":[{"name":"wp","href":"https:\/\/api.w.org\/{rel}","templated":true}]}}