{"id":2393,"date":"2021-05-25T22:21:16","date_gmt":"2021-05-25T20:21:16","guid":{"rendered":"http:\/\/6vientos.com\/bilder\/"},"modified":"2024-02-08T10:34:05","modified_gmt":"2024-02-08T09:34:05","slug":"bilder","status":"publish","type":"page","link":"https:\/\/www.6vientos.com\/de\/bilder\/","title":{"rendered":"Bilder"},"content":{"rendered":"<p>[et_pb_section fb_built=&#8220;1&#8243; fullwidth=&#8220;on&#8220; disabled_on=&#8220;off|off|off&#8220; admin_label=&#8220;Hero&#8220; _builder_version=&#8220;4.16&#8243; background_color=&#8220;#1f1f1f&#8220; parallax=&#8220;on&#8220; custom_padding=&#8220;|||&#8220; transparent_background=&#8220;on&#8220; global_colors_info=&#8220;{}&#8220;][et_pb_fullwidth_header title=&#8220;Galerie 6 Winde&#8220; text_orientation=&#8220;center&#8220; background_overlay_color=&#8220;RGBA(255,255,255,0)&#8220; subhead_font_color=&#8220;#bebebe&#8220; _builder_version=&#8220;4.24.0&#8243; title_font=&#8220;Bebas Neue||||||||&#8220; title_text_color=&#8220;#ffffff&#8220; title_font_size=&#8220;50px&#8220; title_line_height=&#8220;1.3em&#8220; content_font=&#8220;Montserrat||||||||&#8220; content_text_color=&#8220;#ffffff&#8220; content_font_size=&#8220;19px&#8220; content_line_height=&#8220;1.8em&#8220; subhead_font=&#8220;Montserrat||||&#8220; subhead_text_color=&#8220;#bebebe&#8220; subhead_line_height=&#8220;1.8em&#8220; background_color=&#8220;RGBA(255,255,255,0)&#8220; background_image=&#8220;http:\/\/6vientos.com\/wp-content\/uploads\/2021\/05\/Piscina-3.jpg&#8220; custom_padding=&#8220;4%||4%||false|false&#8220; animation_style=&#8220;zoom&#8220; animation_duration=&#8220;1500ms&#8220; animation_intensity_zoom=&#8220;4%&#8220; hover_enabled=&#8220;0&#8243; title_line_height_last_edited=&#8220;off|desktop&#8220; global_colors_info=&#8220;{}&#8220; button_one_text_size__hover_enabled=&#8220;off&#8220; button_two_text_size__hover_enabled=&#8220;off&#8220; button_one_text_color__hover_enabled=&#8220;off&#8220; button_two_text_color__hover_enabled=&#8220;off&#8220; button_one_border_width__hover_enabled=&#8220;off&#8220; button_two_border_width__hover_enabled=&#8220;off&#8220; button_one_border_color__hover_enabled=&#8220;off&#8220; button_two_border_color__hover_enabled=&#8220;off&#8220; button_one_border_radius__hover_enabled=&#8220;off&#8220; button_two_border_radius__hover_enabled=&#8220;off&#8220; button_one_letter_spacing__hover_enabled=&#8220;off&#8220; button_two_letter_spacing__hover_enabled=&#8220;off&#8220; button_one_bg_color__hover_enabled=&#8220;off&#8220; button_two_bg_color__hover_enabled=&#8220;off&#8220; sticky_enabled=&#8220;0&#8243;][\/et_pb_fullwidth_header][\/et_pb_section][et_pb_section fb_built=&#8220;1&#8243; _builder_version=&#8220;4.16&#8243; _module_preset=&#8220;default&#8220; custom_padding=&#8220;7px|||||&#8220; global_colors_info=&#8220;{}&#8220;][et_pb_row _builder_version=&#8220;4.16&#8243; _module_preset=&#8220;default&#8220; global_colors_info=&#8220;{}&#8220;][et_pb_column type=&#8220;4_4&#8243; _builder_version=&#8220;4.16&#8243; _module_preset=&#8220;default&#8220; global_colors_info=&#8220;{}&#8220;][et_pb_text _builder_version=&#8220;4.24.0&#8243; _module_preset=&#8220;default&#8220; text_font=&#8220;Jost||||||||&#8220; global_colors_info=&#8220;{}&#8220;]<\/p>\n<h1 style=\"text-align: center;\">Die G\u00e4rten<\/h1>\n<p>[\/et_pb_text][\/et_pb_column][\/et_pb_row][et_pb_row _builder_version=&#8220;4.16&#8243; _module_preset=&#8220;default&#8220; background_color=&#8220;RGBA(0,0,0,0)&#8220; global_colors_info=&#8220;{}&#8220;][et_pb_column type=&#8220;4_4&#8243; admin_label=&#8220;Innere Galerie&#8220; _builder_version=&#8220;4.16&#8243; _module_preset=&#8220;default&#8220; global_colors_info=&#8220;{}&#8220;][et_pb_gallery gallery_ids=&#8220;2341,2327,2339,2345,2235,2297,2251,2353,2333,2335,2337&#8243; posts_number=&#8220;18&#8243; show_title_and_caption=&#8220;off&#8220; _builder_version=&#8220;4.24.0&#8243; _module_preset=&#8220;default&#8220; animation_style=&#8220;fade&#8220; global_colors_info=&#8220;{}&#8220;][\/et_pb_gallery][\/et_pb_column][\/et_pb_row][et_pb_row _builder_version=&#8220;4.16&#8243; _module_preset=&#8220;default&#8220; global_colors_info=&#8220;{}&#8220;][et_pb_column type=&#8220;4_4&#8243; _builder_version=&#8220;4.16&#8243; _module_preset=&#8220;default&#8220; global_colors_info=&#8220;{}&#8220;][et_pb_text _builder_version=&#8220;4.24.0&#8243; _module_preset=&#8220;default&#8220; text_font=&#8220;Jost||||||||&#8220; global_colors_info=&#8220;{}&#8220;]<\/p>\n<h1 style=\"text-align: center;\">Innenr\u00e4ume<\/h1>\n<p>[\/et_pb_text][\/et_pb_column][\/et_pb_row][et_pb_row _builder_version=&#8220;4.16&#8243; _module_preset=&#8220;default&#8220; background_color=&#8220;RGBA(0,0,0,0)&#8220; global_colors_info=&#8220;{}&#8220;][et_pb_column type=&#8220;4_4&#8243; admin_label=&#8220;Innere Galerie&#8220; _builder_version=&#8220;4.16&#8243; _module_preset=&#8220;default&#8220; global_colors_info=&#8220;{}&#8220;][et_pb_gallery gallery_ids=&#8220;2325,2319,2305,2289,2283,2295,2293,2271,2273,2265,2203,2229,2199&#8243; posts_number=&#8220;24&#8243; show_title_and_caption=&#8220;off&#8220; _builder_version=&#8220;4.17.4&#8243; _module_preset=&#8220;default&#8220; animation_style=&#8220;fade&#8220; global_colors_info=&#8220;{}&#8220;][\/et_pb_gallery][\/et_pb_column][\/et_pb_row][\/et_pb_section]<\/p>\n","protected":false},"excerpt":{"rendered":"<p>Die G\u00e4rtenInnenr\u00e4ume<\/p>\n","protected":false},"author":2,"featured_media":0,"parent":0,"menu_order":2,"comment_status":"closed","ping_status":"closed","template":"","meta":{"_et_pb_use_builder":"on","_et_pb_old_content":"","_et_gb_content_width":"","_monsterinsights_skip_tracking":false,"_monsterinsights_sitenote_active":false,"_monsterinsights_sitenote_note":"","_monsterinsights_sitenote_category":0,"footnotes":""},"class_list":["post-2393","page","type-page","status-publish","hentry"],"yoast_head":"<!-- This site is optimized with the Yoast SEO plugin v27.4 - https:\/\/yoast.com\/product\/yoast-seo-wordpress\/ -->\n<title>Bilder - 6 Vientos - Casas en Zahora<\/title>\n<meta name=\"robots\" content=\"index, follow, max-snippet:-1, max-image-preview:large, max-video-preview:-1\" \/>\n<link rel=\"canonical\" href=\"https:\/\/www.6vientos.com\/de\/bilder\/\" \/>\n<meta property=\"og:locale\" content=\"de_DE\" \/>\n<meta property=\"og:type\" content=\"article\" \/>\n<meta property=\"og:title\" content=\"Bilder - 6 Vientos - Casas en Zahora\" \/>\n<meta property=\"og:description\" content=\"Das Haus Levante ist ein einst\u00f6ckiges Holzhaus von ca. 70 m2 und ca. 220 m2 v\u00f6llig privatem Grundst\u00fcck, ideal f\u00fcr Familien und Freunde. Es hat 3 Schlafzimmer f\u00fcr bis zu 6 Personen, Wohnzimmer, K\u00fcche, separate Dusche und gro\u00dfe Sonnenterrasse. Das Haus befindet sich in einer ruhigen, privilegierten und charmanten Ecke von 6 Winden. &nbsp;Die Handlung [&hellip;]\" \/>\n<meta property=\"og:url\" content=\"https:\/\/www.6vientos.com\/de\/bilder\/\" \/>\n<meta property=\"og:site_name\" content=\"6 Vientos - Casas en Zahora\" \/>\n<meta property=\"article:modified_time\" content=\"2024-02-08T09:34:05+00:00\" \/>\n<meta name=\"twitter:card\" content=\"summary_large_image\" \/>\n<meta name=\"twitter:label1\" content=\"Gesch\u00e4tzte Lesezeit\" \/>\n\t<meta name=\"twitter:data1\" content=\"2\u00a0Minuten\" \/>\n<script type=\"application\/ld+json\" class=\"yoast-schema-graph\">{\"@context\":\"https:\\\/\\\/schema.org\",\"@graph\":[{\"@type\":\"WebPage\",\"@id\":\"https:\\\/\\\/www.6vientos.com\\\/de\\\/bilder\\\/\",\"url\":\"https:\\\/\\\/www.6vientos.com\\\/de\\\/bilder\\\/\",\"name\":\"Bilder - 6 Vientos - Casas en Zahora\",\"isPartOf\":{\"@id\":\"https:\\\/\\\/www.6vientos.com\\\/de\\\/#website\"},\"datePublished\":\"2021-05-25T20:21:16+00:00\",\"dateModified\":\"2024-02-08T09:34:05+00:00\",\"breadcrumb\":{\"@id\":\"https:\\\/\\\/www.6vientos.com\\\/de\\\/bilder\\\/#breadcrumb\"},\"inLanguage\":\"de\",\"potentialAction\":[{\"@type\":\"ReadAction\",\"target\":[\"https:\\\/\\\/www.6vientos.com\\\/de\\\/bilder\\\/\"]}]},{\"@type\":\"BreadcrumbList\",\"@id\":\"https:\\\/\\\/www.6vientos.com\\\/de\\\/bilder\\\/#breadcrumb\",\"itemListElement\":[{\"@type\":\"ListItem\",\"position\":1,\"name\":\"Portada\",\"item\":\"https:\\\/\\\/www.6vientos.com\\\/de\\\/\"},{\"@type\":\"ListItem\",\"position\":2,\"name\":\"Bilder\"}]},{\"@type\":\"WebSite\",\"@id\":\"https:\\\/\\\/www.6vientos.com\\\/de\\\/#website\",\"url\":\"https:\\\/\\\/www.6vientos.com\\\/de\\\/\",\"name\":\"6 Vientos - Casas en Zahora\",\"description\":\"Casas con encanto en Zahora\",\"publisher\":{\"@id\":\"https:\\\/\\\/www.6vientos.com\\\/de\\\/#organization\"},\"alternateName\":\"Seis Vientos - Casas en Zahora\",\"potentialAction\":[{\"@type\":\"SearchAction\",\"target\":{\"@type\":\"EntryPoint\",\"urlTemplate\":\"https:\\\/\\\/www.6vientos.com\\\/de\\\/?s={search_term_string}\"},\"query-input\":{\"@type\":\"PropertyValueSpecification\",\"valueRequired\":true,\"valueName\":\"search_term_string\"}}],\"inLanguage\":\"de\"},{\"@type\":\"Organization\",\"@id\":\"https:\\\/\\\/www.6vientos.com\\\/de\\\/#organization\",\"name\":\"6 Vientos - Casas en Zahora\",\"alternateName\":\"Seis Vientos - Casas en Zahora\",\"url\":\"https:\\\/\\\/www.6vientos.com\\\/de\\\/\",\"logo\":{\"@type\":\"ImageObject\",\"inLanguage\":\"de\",\"@id\":\"https:\\\/\\\/www.6vientos.com\\\/de\\\/#\\\/schema\\\/logo\\\/image\\\/\",\"url\":\"http:\\\/\\\/6vientos.com\\\/wp-content\\\/uploads\\\/2021\\\/02\\\/6vientos-1.png\",\"contentUrl\":\"http:\\\/\\\/6vientos.com\\\/wp-content\\\/uploads\\\/2021\\\/02\\\/6vientos-1.png\",\"width\":783,\"height\":179,\"caption\":\"6 Vientos - Casas en Zahora\"},\"image\":{\"@id\":\"https:\\\/\\\/www.6vientos.com\\\/de\\\/#\\\/schema\\\/logo\\\/image\\\/\"},\"sameAs\":[\"https:\\\/\\\/www.instagram.com\\\/6vientos\\\/\"]}]}<\/script>\n<!-- \/ Yoast SEO plugin. -->","yoast_head_json":{"title":"Bilder - 6 Vientos - Casas en Zahora","robots":{"index":"index","follow":"follow","max-snippet":"max-snippet:-1","max-image-preview":"max-image-preview:large","max-video-preview":"max-video-preview:-1"},"canonical":"https:\/\/www.6vientos.com\/de\/bilder\/","og_locale":"de_DE","og_type":"article","og_title":"Bilder - 6 Vientos - Casas en Zahora","og_description":"Das Haus Levante ist ein einst\u00f6ckiges Holzhaus von ca. 70 m2 und ca. 220 m2 v\u00f6llig privatem Grundst\u00fcck, ideal f\u00fcr Familien und Freunde. Es hat 3 Schlafzimmer f\u00fcr bis zu 6 Personen, Wohnzimmer, K\u00fcche, separate Dusche und gro\u00dfe Sonnenterrasse. Das Haus befindet sich in einer ruhigen, privilegierten und charmanten Ecke von 6 Winden. &nbsp;Die Handlung [&hellip;]","og_url":"https:\/\/www.6vientos.com\/de\/bilder\/","og_site_name":"6 Vientos - Casas en Zahora","article_modified_time":"2024-02-08T09:34:05+00:00","twitter_card":"summary_large_image","twitter_misc":{"Gesch\u00e4tzte Lesezeit":"2\u00a0Minuten"},"schema":{"@context":"https:\/\/schema.org","@graph":[{"@type":"WebPage","@id":"https:\/\/www.6vientos.com\/de\/bilder\/","url":"https:\/\/www.6vientos.com\/de\/bilder\/","name":"Bilder - 6 Vientos - Casas en Zahora","isPartOf":{"@id":"https:\/\/www.6vientos.com\/de\/#website"},"datePublished":"2021-05-25T20:21:16+00:00","dateModified":"2024-02-08T09:34:05+00:00","breadcrumb":{"@id":"https:\/\/www.6vientos.com\/de\/bilder\/#breadcrumb"},"inLanguage":"de","potentialAction":[{"@type":"ReadAction","target":["https:\/\/www.6vientos.com\/de\/bilder\/"]}]},{"@type":"BreadcrumbList","@id":"https:\/\/www.6vientos.com\/de\/bilder\/#breadcrumb","itemListElement":[{"@type":"ListItem","position":1,"name":"Portada","item":"https:\/\/www.6vientos.com\/de\/"},{"@type":"ListItem","position":2,"name":"Bilder"}]},{"@type":"WebSite","@id":"https:\/\/www.6vientos.com\/de\/#website","url":"https:\/\/www.6vientos.com\/de\/","name":"6 Vientos - Casas en Zahora","description":"Casas con encanto en Zahora","publisher":{"@id":"https:\/\/www.6vientos.com\/de\/#organization"},"alternateName":"Seis Vientos - Casas en Zahora","potentialAction":[{"@type":"SearchAction","target":{"@type":"EntryPoint","urlTemplate":"https:\/\/www.6vientos.com\/de\/?s={search_term_string}"},"query-input":{"@type":"PropertyValueSpecification","valueRequired":true,"valueName":"search_term_string"}}],"inLanguage":"de"},{"@type":"Organization","@id":"https:\/\/www.6vientos.com\/de\/#organization","name":"6 Vientos - Casas en Zahora","alternateName":"Seis Vientos - Casas en Zahora","url":"https:\/\/www.6vientos.com\/de\/","logo":{"@type":"ImageObject","inLanguage":"de","@id":"https:\/\/www.6vientos.com\/de\/#\/schema\/logo\/image\/","url":"http:\/\/6vientos.com\/wp-content\/uploads\/2021\/02\/6vientos-1.png","contentUrl":"http:\/\/6vientos.com\/wp-content\/uploads\/2021\/02\/6vientos-1.png","width":783,"height":179,"caption":"6 Vientos - Casas en Zahora"},"image":{"@id":"https:\/\/www.6vientos.com\/de\/#\/schema\/logo\/image\/"},"sameAs":["https:\/\/www.instagram.com\/6vientos\/"]}]}},"_links":{"self":[{"href":"https:\/\/www.6vientos.com\/de\/wp-json\/wp\/v2\/pages\/2393","targetHints":{"allow":["GET"]}}],"collection":[{"href":"https:\/\/www.6vientos.com\/de\/wp-json\/wp\/v2\/pages"}],"about":[{"href":"https:\/\/www.6vientos.com\/de\/wp-json\/wp\/v2\/types\/page"}],"author":[{"embeddable":true,"href":"https:\/\/www.6vientos.com\/de\/wp-json\/wp\/v2\/users\/2"}],"replies":[{"embeddable":true,"href":"https:\/\/www.6vientos.com\/de\/wp-json\/wp\/v2\/comments?post=2393"}],"version-history":[{"count":25,"href":"https:\/\/www.6vientos.com\/de\/wp-json\/wp\/v2\/pages\/2393\/revisions"}],"predecessor-version":[{"id":3472,"href":"https:\/\/www.6vientos.com\/de\/wp-json\/wp\/v2\/pages\/2393\/revisions\/3472"}],"wp:attachment":[{"href":"https:\/\/www.6vientos.com\/de\/wp-json\/wp\/v2\/media?parent=2393"}],"curies":[{"name":"wp","href":"https:\/\/api.w.org\/{rel}","templated":true}]}}