{"id":2410,"date":"2021-06-01T19:38:24","date_gmt":"2021-06-01T17:38:24","guid":{"rendered":"http:\/\/6vientos.com\/cookies-politik\/"},"modified":"2022-11-11T11:13:20","modified_gmt":"2022-11-11T10:13:20","slug":"cookies-politik","status":"publish","type":"page","link":"https:\/\/www.6vientos.com\/de\/cookies-politik\/","title":{"rendered":"Cookies-Politik"},"content":{"rendered":"[et_pb_section fb_built=&#8220;1&#8243; _builder_version=&#8220;3.22&#8243;][et_pb_row _builder_version=&#8220;3.25&#8243; background_size=&#8220;initial&#8220; background_position=&#8220;top_left&#8220; background_repeat=&#8220;repeat&#8220; custom_margin=&#8220;|auto|-48px|auto||&#8220;][et_pb_column type=&#8220;4_4&#8243; _builder_version=&#8220;3.25&#8243; custom_padding=&#8220;|||&#8220; custom_padding__hover=&#8220;|||&#8220;][et_pb_text _builder_version=&#8220;4.9.4&#8243; background_size=&#8220;initial&#8220; background_position=&#8220;top_left&#8220; background_repeat=&#8220;repeat&#8220;]<p><span style=\"color: #333333; font-size: 30px; text-align: justify;\">Cookie-Richtlinie<\/span><\/p>\n<div class=\"et_pb_module et_pb_text et_pb_text_0 et_pb_text_align_left et_pb_bg_layout_light\">\n<div class=\"et_pb_text_inner\">\n<div class=\"et_pb_module et_pb_text et_pb_text_1 et_pb_text_align_left et_pb_bg_layout_light\">\n<div class=\"et_pb_text_inner\" style=\"text-align: justify;\">\n<p>&nbsp;<\/p>\n<\/div>\n<\/div>\n<\/div>\n<\/div>\n<p><\/p>[\/et_pb_text][\/et_pb_column][\/et_pb_row][et_pb_row _builder_version=&#8220;4.9.4&#8243; _module_preset=&#8220;default&#8220;][et_pb_column type=&#8220;4_4&#8243; _builder_version=&#8220;4.9.4&#8243; _module_preset=&#8220;default&#8220;][et_pb_accordion _builder_version=&#8220;4.9.4&#8243; _module_preset=&#8220;default&#8220; hover_enabled=&#8220;0&#8243; sticky_enabled=&#8220;0&#8243;][et_pb_accordion_item title=&#8220;1. die Definition von Cookies&#8220; open=&#8220;off&#8220; _builder_version=&#8220;4.9.4&#8243; _module_preset=&#8220;default&#8220; hover_enabled=&#8220;0&#8243; sticky_enabled=&#8220;0&#8243;]<p style=\"text-align: justify;\">Cookies sind Textdateien, die ein Webserver auf der Computerausr\u00fcstung oder dem elektronischen Ger\u00e4t des Nutzers einer Website oder Webseite speichert oder aufzeichnet, wobei unter Nutzer die nat\u00fcrliche Person zu verstehen ist, die auf die Website oder Webseite zugreift.<\/p>\n<p style=\"text-align: justify;\">Cookies k\u00f6nnen Informationen sowohl \u00fcber das Endger\u00e4t oder die Browsersitzung, die auf eine Website oder Webseite zugreift, als auch \u00fcber die besuchten Orte speichern. Auf diese Weise liest der Server bei einem erneuten Zugriff des Nutzers auf die Website oder Webseite die Cookies, um das Surfen zu erleichtern und zu konfigurieren, die Pr\u00e4ferenzen des Nutzers festzulegen oder wiederherzustellen und die Werbung auf den Websites oder Webseiten zu personalisieren. Falls der Nutzer die Verwendung von Cookies nicht zul\u00e4sst, stehen ihm bestimmte Dienste oder Funktionen der Website oder der Webseite m\u00f6glicherweise nicht zur Verf\u00fcgung.<\/p>[\/et_pb_accordion_item][et_pb_accordion_item title=&#8220;2. Zustimmung zur Verwendung von Cookies&#8220; _builder_version=&#8220;4.9.4&#8243; _module_preset=&#8220;default&#8220; hover_enabled=&#8220;0&#8243; open=&#8220;off&#8220; sticky_enabled=&#8220;0&#8243;]<p style=\"text-align: justify;\">Gem\u00e4\u00df den Bestimmungen von Artikel 22.2 des Gesetzes 34\/2002 vom 12. Juli \u00fcber die Dienste der Informationsgesellschaft und den elektronischen Gesch\u00e4ftsverkehr (&#8222;LSSI&#8220;),<span> <\/span><strong>Gestiones Hoteleras Vibb, S.L.<\/strong><span> <\/span>nur dann Datenspeicherungs- und -abrufvorrichtungen (&#8222;Cookies&#8220;) verwenden, wenn der Nutzer zuvor seine Zustimmung dazu gegeben hat, und zwar gem\u00e4\u00df den Angaben im Pop-up-Fenster des Browsers des Nutzers beim ersten Zugriff auf das Portal und den anderen Bedingungen, die in der Cookie-Politik von  <strong>Gestiones Hoteleras Vibb, S.L.<\/strong><span> <\/span>die jeder Nutzer kennen sollte.<\/p>\n<p style=\"text-align: justify;\">Sobald der Nutzer seine Zustimmung durch die Annahme der Cookies erteilt hat und diese auf dem Computer oder elektronischen Ger\u00e4t des Nutzers verbleiben, wird davon ausgegangen, dass die Zustimmung auch bei sp\u00e4teren Zugriffen des Nutzers auf die Website www.6vientos.com erteilt wird und der Nutzer nicht bei jedem Zugriff auf die genannte Website der Verwendung von Cookies zustimmen muss. Der Nutzer kann die erteilte Zustimmung jederzeit verweigern, indem er die auf der Website www.6vientos.com verwendeten Cookies aus seinem Browser l\u00f6scht und die Verwendung von Cookies auf seiner Computerausr\u00fcstung oder seinem elektronischen Ger\u00e4t nicht akzeptiert, um Cookies abzulehnen; in diesem Fall wird der Nutzer dar\u00fcber informiert, dass bestimmte Dienste und Inhalte m\u00f6glicherweise eingeschr\u00e4nkt sind und er sie nicht nutzen kann.<\/p>[\/et_pb_accordion_item][et_pb_accordion_item title=&#8220;3. Browsereinstellungen f\u00fcr die Verwendung von Cookies&#8220; _builder_version=&#8220;4.9.4&#8243; _module_preset=&#8220;default&#8220; hover_enabled=&#8220;0&#8243; open=&#8220;off&#8220; sticky_enabled=&#8220;0&#8243;]<p style=\"text-align: justify;\">Der Nutzer der Website oder der Webseite kann seinen Browser so konfigurieren, dass er die Speicherung von Cookies akzeptiert oder ablehnt, und diese Cookies jederzeit von seinem Computer oder elektronischen Ger\u00e4t l\u00f6schen, auch wenn die Sitzung beendet ist oder der Browser oder das elektronische Ger\u00e4t geschlossen wurde.<\/p>\n<p style=\"text-align: justify;\">Die Konfiguration f\u00fcr die Annahme, Ablehnung oder L\u00f6schung der Cookies der wichtigsten Browser kann vorgenommen werden (siehe Konfigurationslinks):<\/p>\n<p style=\"text-align: justify;\"><strong>Microsoft IExplorer<\/strong>:<span> <\/span><a href=\"https:\/\/support.microsoft.com\/es-es\/help\/17442\/windows-internet-explorer-delete-manage-cookies\" target=\"_blank\" rel=\"noopener nofollow\">https:\/\/support.microsoft.com\/es-es\/help\/17442\/windows-internet-explorer-delete-manage-cookies<\/a><br><strong>Microsoft Edge<\/strong>:<span> <\/span><a href=\"https:\/\/privacy.microsoft.com\/es-ES\/windows-10-microsoft-edge-and-privacy\" target=\"_blank\" rel=\"noopener nofollow\">https:\/\/privacy.microsoft.com\/es-ES\/windows-10-microsoft-edge-and-privacy<\/a><br><strong>Chrom<\/strong>:<span> <\/span><a href=\"https:\/\/support.google.com\/chrome\/bin\/answer.py?hl=es&amp;answer=114836\" target=\"_blank\" rel=\"noopener nofollow\">https:\/\/support.google.com\/chrome\/bin\/answer.py?hl=es&amp;answer=114836<\/a><br><strong>Firefox<\/strong>:<span> <\/span><a href=\"https:\/\/support.mozilla.org\/es\/kb\/habilitar-y-deshabilitar-cookies-sitios-web-rastrear-preferencias\" target=\"_blank\" rel=\"noopener nofollow\">https:\/\/support.mozilla.org\/es\/kb\/habilitar-y-deshabilitar-cookies-sitios-web-rastrear-preferencias<\/a><br><strong>Safari<\/strong>:<span> <\/span><a href=\"https:\/\/support.apple.com\/kb\/HT1677?viewlocale=es_ES\" target=\"_blank\" rel=\"noopener nofollow\">https:\/\/support.apple.com\/kb\/HT1677?viewlocale=es_ES<\/a><br><strong>Oper<\/strong>:<span> <\/span><a href=\"https:\/\/help.opera.com\/Linux\/10.60\/es-ES\/cookies.html\" target=\"_blank\" rel=\"noopener nofollow\">https:\/\/help.opera.com\/Linux\/10.60\/es-ES\/cookies.html<\/a><\/p>\n<p style=\"text-align: justify;\"><em>*<span> <strong>Gestiones Hoteleras Vibb, S.L.<\/strong><\/span><span> <\/span>ist nicht verantwortlich f\u00fcr die \u00c4nderung der Weblinks durch die verschiedenen Unternehmen, die f\u00fcr die g\u00e4ngigsten Browser verantwortlich sind.<\/em><\/p>\n<p style=\"text-align: justify;\">Weitere Informationen \u00fcber die Konfiguration von Browsern, um Cookies auf Computern oder elektronischen Ger\u00e4ten zu akzeptieren, abzulehnen oder zu l\u00f6schen, kann der Nutzer \u00fcber die Option &#8222;Hilfe&#8220; in der Symbolleiste des Browsers abrufen.<\/p>[\/et_pb_accordion_item][et_pb_accordion_item title=&#8220;4. Cookies von der Website oder der Webseite www.6vientos.com&#8220; _builder_version=&#8220;4.9.4&#8243; _module_preset=&#8220;default&#8220; hover_enabled=&#8220;0&#8243; open=&#8220;off&#8220; sticky_enabled=&#8220;0&#8243;]<p style=\"text-align: justify;\">In \u00dcbereinstimmung mit den Bestimmungen des Gesetzes 34\/2002 vom 11. Juli \u00fcber die Dienste der Informationsgesellschaft und den elektronischen Handel wird der Nutzer dar\u00fcber informiert, dass die Website oder die Webseite www.6vientos.com Cookies verwendet, die am Ende der Sitzung ablaufen (gel\u00f6scht werden), die f\u00fcr einen bestimmten Zeitraum beibehalten werden und\/oder die \u00fcber einen l\u00e4ngeren Zeitraum bestehen bleiben (bleiben).<\/p>\n<p style=\"text-align: justify;\"><img decoding=\"async\" loading=\"lazy\" class=\"alignnone wp-image-914\" title=\"Innova Sistemas. Kekse.\" src=\"https:\/\/innovasistemas.com\/wp-content\/uploads\/2016\/12\/cookies.jpg\" alt=\"Innova Sistemas. Kekse.\" width=\"740\" height=\"592\"><\/p>\n<p style=\"text-align: justify;\">Weitere Informationen \u00fcber Cookies von Drittanbietern und deren Verwendungspolitik sowie \u00fcber die Verarbeitung personenbezogener Daten finden Sie unter:<br>Google Analytics: https:\/\/developers.google.com\/analytics\/devguides\/collection\/analyticsjs\/cookie-usage?hl=es-419.<\/p>[\/et_pb_accordion_item][et_pb_accordion_item title=&#8220;5. Verarbeitung von personenbezogenen Daten&#8220; _builder_version=&#8220;4.9.4&#8243; _module_preset=&#8220;default&#8220; hover_enabled=&#8220;0&#8243; open=&#8220;off&#8220; sticky_enabled=&#8220;0&#8243;]<p>In \u00dcbereinstimmung mit den Bestimmungen des Organgesetzes 15\/1999 vom 13. Dezember \u00fcber den Schutz personenbezogener Daten wird der Nutzer dar\u00fcber informiert, dass die durch die Verwendung von Cookies auf der Website gesammelten personenbezogenen Daten<span> <\/span><strong>www.6vientos.com,<\/strong> die m\u00f6gliche Identifizierung von Personen durch die Verwendung von Cookies in Abh\u00e4ngigkeit von den Dienstleistungen, die der Nutzer in Anspruch nimmt oder auf die er auf der Website zugreift.<span> <\/span><strong>www.6vientos.com<\/strong> oder die vom Endger\u00e4t des Nutzers aufrechterhaltene Konfiguration wird von <strong>Gestiones Hoteleras Vibb, S.L.<\/strong> als dem f\u00fcr die Verarbeitung Verantwortlichen bearbeitet.<span> <\/span>zur Erleichterung und Verbesserung der Navigation auf der Website <strong>www.6vientos.com<\/strong> und zur Analyse der Besuche. Im Falle der Verwendung von Cookies durch andere Einrichtungen (Drittanbieter-Cookies) \u00fcber die Website<span> <\/span><strong>www.6vientos.com<\/strong><span> <\/span>diese Dritten sind f\u00fcr die Verarbeitung der personenbezogenen Daten des Nutzers zu den von diesen Dritten festgelegten Zwecken verantwortlich.<\/p>\n<p>Der Nutzer, der die Cookies akzeptiert und auf die Website zugreift oder dort surft<span> <\/span><strong>www.6vientos.com, indem<\/strong> Sie diese Cookies nicht ablehnen oder l\u00f6schen, erkl\u00e4ren Sie sich mit der Erfassung und Verarbeitung Ihrer personenbezogenen Daten f\u00fcr die oben genannten Zwecke einverstanden. Nutzer, die mit der Verarbeitung ihrer personenbezogenen Daten zu den oben genannten Zwecken nicht einverstanden sind, m\u00fcssen die Cookies l\u00f6schen und ihren Browser so konfigurieren, dass die Speicherung von Cookies auf ihrem Computer oder elektronischen Ger\u00e4t nicht zugelassen wird. Die Nutzer k\u00f6nnen ihre Rechte auf Zugang, Berichtigung, L\u00f6schung und Widerspruch bez\u00fcglich ihrer pers\u00f6nlichen Daten, die durch eigene Cookies verarbeitet werden, aus\u00fcben, indem sie eine schriftliche Anfrage an <strong>Gestiones Hoteleras Vibb, S.L.<\/strong> richten <strong>.<\/strong><span> <\/span>unter der folgenden Adresse:<span> <strong>Gestiones Hoteleras Vibb, S.L.<\/strong><\/span> Carril del Pozo, 135 11159 Zahora &#8211; Barbate (C\u00e1diz), unter Angabe der Informationen, die im Abschnitt \u00fcber die Rechte auf Zugang, Berichtigung, L\u00f6schung und Widerspruch in der Politik zum Schutz der Privatsph\u00e4re und der pers\u00f6nlichen Daten auf der Website angegeben sind.<span> <\/span><strong>www.6vientos.com.<\/strong><\/p>[\/et_pb_accordion_item][et_pb_accordion_item title=&#8220;6. Kontakt&#8220; _builder_version=&#8220;4.9.4&#8243; _module_preset=&#8220;default&#8220; hover_enabled=&#8220;0&#8243; open=&#8220;on&#8220; sticky_enabled=&#8220;0&#8243;]<p style=\"text-align: justify;\"><span>Der Nutzer kann weitere Informationen \u00fcber die auf der Website verwendeten Cookies erhalten. <\/span><strong>www.6vientos.com<\/strong><span>  durch den Eigent\u00fcmer dieser Website, indem Sie eine E-Mail an die Adresse 6vientos(@)6vientos.com senden. F\u00fcr weitere Informationen \u00fcber die auf der Website www.6vientos.com verwendeten Drittanbieter-Cookies kann sich der Nutzer an die Eigent\u00fcmer dieser Drittanbieter-Cookies wenden.<\/span><\/p>[\/et_pb_accordion_item][\/et_pb_accordion][\/et_pb_column][\/et_pb_row][\/et_pb_section]<!-- \/wp:post-content -->","protected":false},"excerpt":{"rendered":"<p>Cookie-Richtlinie &nbsp; Cookies sind Textdateien, die ein Webserver auf der Computerausr\u00fcstung oder dem elektronischen Ger\u00e4t des Nutzers einer Website oder Webseite speichert oder aufzeichnet, wobei unter Nutzer die nat\u00fcrliche Person zu verstehen ist, die auf die Website oder Webseite zugreift. Cookies k\u00f6nnen Informationen sowohl \u00fcber das Endger\u00e4t oder die Browsersitzung, die auf eine Website oder [&hellip;]<\/p>\n","protected":false},"author":5,"featured_media":0,"parent":0,"menu_order":0,"comment_status":"closed","ping_status":"closed","template":"","meta":{"_et_pb_use_builder":"on","_et_pb_old_content":"","_et_gb_content_width":"","_monsterinsights_skip_tracking":false,"_monsterinsights_sitenote_active":false,"_monsterinsights_sitenote_note":"","_monsterinsights_sitenote_category":0,"footnotes":""},"class_list":["post-2410","page","type-page","status-publish","hentry"],"yoast_head":"<!-- This site is optimized with the Yoast SEO plugin v27.4 - https:\/\/yoast.com\/product\/yoast-seo-wordpress\/ -->\n<title>Cookies-Politik - 6 Vientos - Casas en Zahora<\/title>\n<meta name=\"robots\" content=\"index, follow, max-snippet:-1, max-image-preview:large, max-video-preview:-1\" \/>\n<link rel=\"canonical\" href=\"https:\/\/www.6vientos.com\/de\/cookies-politik\/\" \/>\n<meta property=\"og:locale\" content=\"de_DE\" \/>\n<meta property=\"og:type\" content=\"article\" \/>\n<meta property=\"og:title\" content=\"Cookies-Politik - 6 Vientos - Casas en Zahora\" \/>\n<meta property=\"og:description\" content=\"Das Haus Levante ist ein einst\u00f6ckiges Holzhaus von ca. 70 m2 und ca. 220 m2 v\u00f6llig privatem Grundst\u00fcck, ideal f\u00fcr Familien und Freunde. Es hat 3 Schlafzimmer f\u00fcr bis zu 6 Personen, Wohnzimmer, K\u00fcche, separate Dusche und gro\u00dfe Sonnenterrasse. Das Haus befindet sich in einer ruhigen, privilegierten und charmanten Ecke von 6 Winden. &nbsp;Die Handlung [&hellip;]\" \/>\n<meta property=\"og:url\" content=\"https:\/\/www.6vientos.com\/de\/cookies-politik\/\" \/>\n<meta property=\"og:site_name\" content=\"6 Vientos - Casas en Zahora\" \/>\n<meta property=\"article:modified_time\" content=\"2022-11-11T10:13:20+00:00\" \/>\n<meta property=\"og:image\" content=\"https:\/\/innovasistemas.com\/wp-content\/uploads\/2016\/12\/cookies.jpg\" \/>\n<meta name=\"twitter:card\" content=\"summary_large_image\" \/>\n<meta name=\"twitter:label1\" content=\"Gesch\u00e4tzte Lesezeit\" \/>\n\t<meta name=\"twitter:data1\" content=\"6\u00a0Minuten\" \/>\n<script type=\"application\/ld+json\" class=\"yoast-schema-graph\">{\"@context\":\"https:\\\/\\\/schema.org\",\"@graph\":[{\"@type\":\"WebPage\",\"@id\":\"https:\\\/\\\/www.6vientos.com\\\/de\\\/cookies-politik\\\/\",\"url\":\"https:\\\/\\\/www.6vientos.com\\\/de\\\/cookies-politik\\\/\",\"name\":\"Cookies-Politik - 6 Vientos - Casas en Zahora\",\"isPartOf\":{\"@id\":\"https:\\\/\\\/www.6vientos.com\\\/de\\\/#website\"},\"primaryImageOfPage\":{\"@id\":\"https:\\\/\\\/www.6vientos.com\\\/de\\\/cookies-politik\\\/#primaryimage\"},\"image\":{\"@id\":\"https:\\\/\\\/www.6vientos.com\\\/de\\\/cookies-politik\\\/#primaryimage\"},\"thumbnailUrl\":\"https:\\\/\\\/innovasistemas.com\\\/wp-content\\\/uploads\\\/2016\\\/12\\\/cookies.jpg\",\"datePublished\":\"2021-06-01T17:38:24+00:00\",\"dateModified\":\"2022-11-11T10:13:20+00:00\",\"breadcrumb\":{\"@id\":\"https:\\\/\\\/www.6vientos.com\\\/de\\\/cookies-politik\\\/#breadcrumb\"},\"inLanguage\":\"de\",\"potentialAction\":[{\"@type\":\"ReadAction\",\"target\":[\"https:\\\/\\\/www.6vientos.com\\\/de\\\/cookies-politik\\\/\"]}]},{\"@type\":\"ImageObject\",\"inLanguage\":\"de\",\"@id\":\"https:\\\/\\\/www.6vientos.com\\\/de\\\/cookies-politik\\\/#primaryimage\",\"url\":\"https:\\\/\\\/innovasistemas.com\\\/wp-content\\\/uploads\\\/2016\\\/12\\\/cookies.jpg\",\"contentUrl\":\"https:\\\/\\\/innovasistemas.com\\\/wp-content\\\/uploads\\\/2016\\\/12\\\/cookies.jpg\"},{\"@type\":\"BreadcrumbList\",\"@id\":\"https:\\\/\\\/www.6vientos.com\\\/de\\\/cookies-politik\\\/#breadcrumb\",\"itemListElement\":[{\"@type\":\"ListItem\",\"position\":1,\"name\":\"Portada\",\"item\":\"https:\\\/\\\/www.6vientos.com\\\/de\\\/\"},{\"@type\":\"ListItem\",\"position\":2,\"name\":\"Cookies-Politik\"}]},{\"@type\":\"WebSite\",\"@id\":\"https:\\\/\\\/www.6vientos.com\\\/de\\\/#website\",\"url\":\"https:\\\/\\\/www.6vientos.com\\\/de\\\/\",\"name\":\"6 Vientos - Casas en Zahora\",\"description\":\"Casas con encanto en Zahora\",\"publisher\":{\"@id\":\"https:\\\/\\\/www.6vientos.com\\\/de\\\/#organization\"},\"alternateName\":\"Seis Vientos - Casas en Zahora\",\"potentialAction\":[{\"@type\":\"SearchAction\",\"target\":{\"@type\":\"EntryPoint\",\"urlTemplate\":\"https:\\\/\\\/www.6vientos.com\\\/de\\\/?s={search_term_string}\"},\"query-input\":{\"@type\":\"PropertyValueSpecification\",\"valueRequired\":true,\"valueName\":\"search_term_string\"}}],\"inLanguage\":\"de\"},{\"@type\":\"Organization\",\"@id\":\"https:\\\/\\\/www.6vientos.com\\\/de\\\/#organization\",\"name\":\"6 Vientos - Casas en Zahora\",\"alternateName\":\"Seis Vientos - Casas en Zahora\",\"url\":\"https:\\\/\\\/www.6vientos.com\\\/de\\\/\",\"logo\":{\"@type\":\"ImageObject\",\"inLanguage\":\"de\",\"@id\":\"https:\\\/\\\/www.6vientos.com\\\/de\\\/#\\\/schema\\\/logo\\\/image\\\/\",\"url\":\"http:\\\/\\\/6vientos.com\\\/wp-content\\\/uploads\\\/2021\\\/02\\\/6vientos-1.png\",\"contentUrl\":\"http:\\\/\\\/6vientos.com\\\/wp-content\\\/uploads\\\/2021\\\/02\\\/6vientos-1.png\",\"width\":783,\"height\":179,\"caption\":\"6 Vientos - Casas en Zahora\"},\"image\":{\"@id\":\"https:\\\/\\\/www.6vientos.com\\\/de\\\/#\\\/schema\\\/logo\\\/image\\\/\"},\"sameAs\":[\"https:\\\/\\\/www.instagram.com\\\/6vientos\\\/\"]}]}<\/script>\n<!-- \/ Yoast SEO plugin. -->","yoast_head_json":{"title":"Cookies-Politik - 6 Vientos - Casas en Zahora","robots":{"index":"index","follow":"follow","max-snippet":"max-snippet:-1","max-image-preview":"max-image-preview:large","max-video-preview":"max-video-preview:-1"},"canonical":"https:\/\/www.6vientos.com\/de\/cookies-politik\/","og_locale":"de_DE","og_type":"article","og_title":"Cookies-Politik - 6 Vientos - Casas en Zahora","og_description":"Das Haus Levante ist ein einst\u00f6ckiges Holzhaus von ca. 70 m2 und ca. 220 m2 v\u00f6llig privatem Grundst\u00fcck, ideal f\u00fcr Familien und Freunde. Es hat 3 Schlafzimmer f\u00fcr bis zu 6 Personen, Wohnzimmer, K\u00fcche, separate Dusche und gro\u00dfe Sonnenterrasse. Das Haus befindet sich in einer ruhigen, privilegierten und charmanten Ecke von 6 Winden. &nbsp;Die Handlung [&hellip;]","og_url":"https:\/\/www.6vientos.com\/de\/cookies-politik\/","og_site_name":"6 Vientos - Casas en Zahora","article_modified_time":"2022-11-11T10:13:20+00:00","og_image":[{"url":"https:\/\/innovasistemas.com\/wp-content\/uploads\/2016\/12\/cookies.jpg","type":"","width":"","height":""}],"twitter_card":"summary_large_image","twitter_misc":{"Gesch\u00e4tzte Lesezeit":"6\u00a0Minuten"},"schema":{"@context":"https:\/\/schema.org","@graph":[{"@type":"WebPage","@id":"https:\/\/www.6vientos.com\/de\/cookies-politik\/","url":"https:\/\/www.6vientos.com\/de\/cookies-politik\/","name":"Cookies-Politik - 6 Vientos - Casas en Zahora","isPartOf":{"@id":"https:\/\/www.6vientos.com\/de\/#website"},"primaryImageOfPage":{"@id":"https:\/\/www.6vientos.com\/de\/cookies-politik\/#primaryimage"},"image":{"@id":"https:\/\/www.6vientos.com\/de\/cookies-politik\/#primaryimage"},"thumbnailUrl":"https:\/\/innovasistemas.com\/wp-content\/uploads\/2016\/12\/cookies.jpg","datePublished":"2021-06-01T17:38:24+00:00","dateModified":"2022-11-11T10:13:20+00:00","breadcrumb":{"@id":"https:\/\/www.6vientos.com\/de\/cookies-politik\/#breadcrumb"},"inLanguage":"de","potentialAction":[{"@type":"ReadAction","target":["https:\/\/www.6vientos.com\/de\/cookies-politik\/"]}]},{"@type":"ImageObject","inLanguage":"de","@id":"https:\/\/www.6vientos.com\/de\/cookies-politik\/#primaryimage","url":"https:\/\/innovasistemas.com\/wp-content\/uploads\/2016\/12\/cookies.jpg","contentUrl":"https:\/\/innovasistemas.com\/wp-content\/uploads\/2016\/12\/cookies.jpg"},{"@type":"BreadcrumbList","@id":"https:\/\/www.6vientos.com\/de\/cookies-politik\/#breadcrumb","itemListElement":[{"@type":"ListItem","position":1,"name":"Portada","item":"https:\/\/www.6vientos.com\/de\/"},{"@type":"ListItem","position":2,"name":"Cookies-Politik"}]},{"@type":"WebSite","@id":"https:\/\/www.6vientos.com\/de\/#website","url":"https:\/\/www.6vientos.com\/de\/","name":"6 Vientos - Casas en Zahora","description":"Casas con encanto en Zahora","publisher":{"@id":"https:\/\/www.6vientos.com\/de\/#organization"},"alternateName":"Seis Vientos - Casas en Zahora","potentialAction":[{"@type":"SearchAction","target":{"@type":"EntryPoint","urlTemplate":"https:\/\/www.6vientos.com\/de\/?s={search_term_string}"},"query-input":{"@type":"PropertyValueSpecification","valueRequired":true,"valueName":"search_term_string"}}],"inLanguage":"de"},{"@type":"Organization","@id":"https:\/\/www.6vientos.com\/de\/#organization","name":"6 Vientos - Casas en Zahora","alternateName":"Seis Vientos - Casas en Zahora","url":"https:\/\/www.6vientos.com\/de\/","logo":{"@type":"ImageObject","inLanguage":"de","@id":"https:\/\/www.6vientos.com\/de\/#\/schema\/logo\/image\/","url":"http:\/\/6vientos.com\/wp-content\/uploads\/2021\/02\/6vientos-1.png","contentUrl":"http:\/\/6vientos.com\/wp-content\/uploads\/2021\/02\/6vientos-1.png","width":783,"height":179,"caption":"6 Vientos - Casas en Zahora"},"image":{"@id":"https:\/\/www.6vientos.com\/de\/#\/schema\/logo\/image\/"},"sameAs":["https:\/\/www.instagram.com\/6vientos\/"]}]}},"_links":{"self":[{"href":"https:\/\/www.6vientos.com\/de\/wp-json\/wp\/v2\/pages\/2410","targetHints":{"allow":["GET"]}}],"collection":[{"href":"https:\/\/www.6vientos.com\/de\/wp-json\/wp\/v2\/pages"}],"about":[{"href":"https:\/\/www.6vientos.com\/de\/wp-json\/wp\/v2\/types\/page"}],"author":[{"embeddable":true,"href":"https:\/\/www.6vientos.com\/de\/wp-json\/wp\/v2\/users\/5"}],"replies":[{"embeddable":true,"href":"https:\/\/www.6vientos.com\/de\/wp-json\/wp\/v2\/comments?post=2410"}],"version-history":[{"count":3,"href":"https:\/\/www.6vientos.com\/de\/wp-json\/wp\/v2\/pages\/2410\/revisions"}],"predecessor-version":[{"id":2413,"href":"https:\/\/www.6vientos.com\/de\/wp-json\/wp\/v2\/pages\/2410\/revisions\/2413"}],"wp:attachment":[{"href":"https:\/\/www.6vientos.com\/de\/wp-json\/wp\/v2\/media?parent=2410"}],"curies":[{"name":"wp","href":"https:\/\/api.w.org\/{rel}","templated":true}]}}